{"id":4385,"date":"2019-10-28T12:37:26","date_gmt":"2019-10-28T15:37:26","guid":{"rendered":"http:\/\/promoalge.com.br\/?post_type=product&#038;p=4385"},"modified":"2019-10-28T12:37:26","modified_gmt":"2019-10-28T15:37:26","slug":"conjunto-para-churrasco-petiscos-kt-90009","status":"publish","type":"product","link":"https:\/\/promoalge.com.br\/?product=conjunto-para-churrasco-petiscos-kt-90009","title":{"rendered":"Conjunto para Churrasco\/Petiscos &#8211; KT 90009"},"content":{"rendered":"","protected":false},"excerpt":{"rendered":"<p>Acompanha t\u00e1bua com tr\u00eas furos e duas esp\u00e1tulas em Bambu; faca 7&#8221; e garfo em Bambu\/Inox; dois ramequins em Porcelana; duas ta\u00e7as de vinho em Vidro; abridor em Metal. Dimens\u00f5es da t\u00e1bua: 37 x 22,5 x 1,5 cm . Grava\u00e7\u00e3o a Laser nas duas ta\u00e7as, na t\u00e1bua, na l\u00e2mina da faca e na tampa da caixa. <\/p>\n","protected":false},"featured_media":4386,"template":"","meta":[],"product_brand":[],"product_cat":[49,412],"product_tag":[],"class_list":{"0":"post-4385","1":"product","2":"type-product","3":"status-publish","4":"has-post-thumbnail","6":"product_cat-bar-queijo-vinhos","7":"product_cat-kits-churrasco","9":"first","10":"instock","11":"shipping-taxable","12":"product-type-simple"},"_links":{"self":[{"href":"https:\/\/promoalge.com.br\/index.php?rest_route=\/wp\/v2\/product\/4385","targetHints":{"allow":["GET"]}}],"collection":[{"href":"https:\/\/promoalge.com.br\/index.php?rest_route=\/wp\/v2\/product"}],"about":[{"href":"https:\/\/promoalge.com.br\/index.php?rest_route=\/wp\/v2\/types\/product"}],"wp:featuredmedia":[{"embeddable":true,"href":"https:\/\/promoalge.com.br\/index.php?rest_route=\/wp\/v2\/media\/4386"}],"wp:attachment":[{"href":"https:\/\/promoalge.com.br\/index.php?rest_route=%2Fwp%2Fv2%2Fmedia&parent=4385"}],"wp:term":[{"taxonomy":"product_brand","embeddable":true,"href":"https:\/\/promoalge.com.br\/index.php?rest_route=%2Fwp%2Fv2%2Fproduct_brand&post=4385"},{"taxonomy":"product_cat","embeddable":true,"href":"https:\/\/promoalge.com.br\/index.php?rest_route=%2Fwp%2Fv2%2Fproduct_cat&post=4385"},{"taxonomy":"product_tag","embeddable":true,"href":"https:\/\/promoalge.com.br\/index.php?rest_route=%2Fwp%2Fv2%2Fproduct_tag&post=4385"}],"curies":[{"name":"wp","href":"https:\/\/api.w.org\/{rel}","templated":true}]}}