{"id":4409,"date":"2019-10-30T17:18:54","date_gmt":"2019-10-30T20:18:54","guid":{"rendered":"http:\/\/promoalge.com.br\/?post_type=product&#038;p=4409"},"modified":"2019-10-30T17:27:33","modified_gmt":"2019-10-30T20:27:33","slug":"chaveiro-lampada-caixa-acetato-prlzact","status":"publish","type":"product","link":"https:\/\/promoalge.com.br\/?product=chaveiro-lampada-caixa-acetato-prlzact","title":{"rendered":"Chaveiro Lampada + Caixa Acetato &#8211; PRLZACT"},"content":{"rendered":"","protected":false},"excerpt":{"rendered":"<p>Chaveiro l\u00e2mpada em pl\u00e1stico resistente e detalhes prata metal. Possui um anel lacre no bot\u00e3o(parte superior prata), para acende-la basta apertar e que ir\u00e1 ligar\/desligar. Acompanha 3 baterias L736, para troc\u00e1-las basta desrosquear a parte prata e puxar o pino azul interno do suporte, Incluso personaliza\u00e7\u00e3o atrav\u00e9s de adesivo em caixa de acetato que acomoda o chaveiro.<\/p>\n","protected":false},"featured_media":4411,"template":"","meta":[],"product_brand":[],"product_cat":[406,353],"product_tag":[],"class_list":{"0":"post-4409","1":"product","2":"type-product","3":"status-publish","4":"has-post-thumbnail","6":"product_cat-chaveiros","7":"product_cat-diversos","9":"first","10":"instock","11":"shipping-taxable","12":"product-type-simple"},"_links":{"self":[{"href":"https:\/\/promoalge.com.br\/index.php?rest_route=\/wp\/v2\/product\/4409","targetHints":{"allow":["GET"]}}],"collection":[{"href":"https:\/\/promoalge.com.br\/index.php?rest_route=\/wp\/v2\/product"}],"about":[{"href":"https:\/\/promoalge.com.br\/index.php?rest_route=\/wp\/v2\/types\/product"}],"wp:featuredmedia":[{"embeddable":true,"href":"https:\/\/promoalge.com.br\/index.php?rest_route=\/wp\/v2\/media\/4411"}],"wp:attachment":[{"href":"https:\/\/promoalge.com.br\/index.php?rest_route=%2Fwp%2Fv2%2Fmedia&parent=4409"}],"wp:term":[{"taxonomy":"product_brand","embeddable":true,"href":"https:\/\/promoalge.com.br\/index.php?rest_route=%2Fwp%2Fv2%2Fproduct_brand&post=4409"},{"taxonomy":"product_cat","embeddable":true,"href":"https:\/\/promoalge.com.br\/index.php?rest_route=%2Fwp%2Fv2%2Fproduct_cat&post=4409"},{"taxonomy":"product_tag","embeddable":true,"href":"https:\/\/promoalge.com.br\/index.php?rest_route=%2Fwp%2Fv2%2Fproduct_tag&post=4409"}],"curies":[{"name":"wp","href":"https:\/\/api.w.org\/{rel}","templated":true}]}}