{"id":4413,"date":"2019-10-31T18:26:32","date_gmt":"2019-10-31T21:26:32","guid":{"rendered":"http:\/\/promoalge.com.br\/?post_type=product&#038;p=4413"},"modified":"2019-10-31T18:26:32","modified_gmt":"2019-10-31T21:26:32","slug":"caderno-de-anotacoes-com-powerbank-pr92075","status":"publish","type":"product","link":"https:\/\/promoalge.com.br\/?product=caderno-de-anotacoes-com-powerbank-pr92075","title":{"rendered":"Caderno de Anota\u00e7\u00f5es com Powerbank &#8211; PR92075"},"content":{"rendered":"","protected":false},"excerpt":{"rendered":"<p>Caderno de anota\u00e7\u00f5es\/Pasta formato A5 produzida em  sint\u00e9tico, possui Bateria port\u00e1til embutida (l\u00edtio) com capacidade: 4.000 mAh, com entrada\/sa\u00edda 5V\/1A e cabo USB\/micro USB para carregar a bateria. Caderno remov\u00edvel: 64 folhas pautadas cor marfim, el\u00e1sticos interiores para organiza\u00e7\u00e3o e suporte para smartphone. Placa com acabamento em borracha, LED interior e bot\u00e3o on\/off, medidas 165 x 225 x 25 mm. Grava\u00e7\u00e3o a laser na placa de borracha, ficando assim vazado e aparece a logo quando liga o LED.<\/p>\n","protected":false},"featured_media":4414,"template":"","meta":[],"product_brand":[],"product_cat":[353,409,417],"product_tag":[],"class_list":{"0":"post-4413","1":"product","2":"type-product","3":"status-publish","4":"has-post-thumbnail","6":"product_cat-diversos","7":"product_cat-escritorio","8":"product_cat-pendrive-tecnologia","10":"first","11":"instock","12":"shipping-taxable","13":"product-type-simple"},"_links":{"self":[{"href":"https:\/\/promoalge.com.br\/index.php?rest_route=\/wp\/v2\/product\/4413","targetHints":{"allow":["GET"]}}],"collection":[{"href":"https:\/\/promoalge.com.br\/index.php?rest_route=\/wp\/v2\/product"}],"about":[{"href":"https:\/\/promoalge.com.br\/index.php?rest_route=\/wp\/v2\/types\/product"}],"wp:featuredmedia":[{"embeddable":true,"href":"https:\/\/promoalge.com.br\/index.php?rest_route=\/wp\/v2\/media\/4414"}],"wp:attachment":[{"href":"https:\/\/promoalge.com.br\/index.php?rest_route=%2Fwp%2Fv2%2Fmedia&parent=4413"}],"wp:term":[{"taxonomy":"product_brand","embeddable":true,"href":"https:\/\/promoalge.com.br\/index.php?rest_route=%2Fwp%2Fv2%2Fproduct_brand&post=4413"},{"taxonomy":"product_cat","embeddable":true,"href":"https:\/\/promoalge.com.br\/index.php?rest_route=%2Fwp%2Fv2%2Fproduct_cat&post=4413"},{"taxonomy":"product_tag","embeddable":true,"href":"https:\/\/promoalge.com.br\/index.php?rest_route=%2Fwp%2Fv2%2Fproduct_tag&post=4413"}],"curies":[{"name":"wp","href":"https:\/\/api.w.org\/{rel}","templated":true}]}}