{"id":4468,"date":"2019-11-04T15:11:50","date_gmt":"2019-11-04T18:11:50","guid":{"rendered":"http:\/\/promoalge.com.br\/?post_type=product&#038;p=4468"},"modified":"2019-11-04T15:14:10","modified_gmt":"2019-11-04T18:14:10","slug":"squeeze-com-mosquetao-pr94633","status":"publish","type":"product","link":"https:\/\/promoalge.com.br\/?product=squeeze-com-mosquetao-pr94633","title":{"rendered":"Squeeze com Mosquet\u00e3o &#8211; PR94633"},"content":{"rendered":"","protected":false},"excerpt":{"rendered":"<p>Squeeze em  alum\u00ednio com acabamento matt, possui mosquet\u00e3o capacidade at\u00e9 800 ml. Medidas \u00f8 73 x 259 mm. Grava\u00e7\u00e3o a laser.<\/p>\n","protected":false},"featured_media":4474,"template":"","meta":[],"product_brand":[],"product_cat":[237],"product_tag":[],"class_list":{"0":"post-4468","1":"product","2":"type-product","3":"status-publish","4":"has-post-thumbnail","6":"product_cat-metalicas","8":"first","9":"instock","10":"shipping-taxable","11":"product-type-simple"},"_links":{"self":[{"href":"https:\/\/promoalge.com.br\/index.php?rest_route=\/wp\/v2\/product\/4468","targetHints":{"allow":["GET"]}}],"collection":[{"href":"https:\/\/promoalge.com.br\/index.php?rest_route=\/wp\/v2\/product"}],"about":[{"href":"https:\/\/promoalge.com.br\/index.php?rest_route=\/wp\/v2\/types\/product"}],"wp:featuredmedia":[{"embeddable":true,"href":"https:\/\/promoalge.com.br\/index.php?rest_route=\/wp\/v2\/media\/4474"}],"wp:attachment":[{"href":"https:\/\/promoalge.com.br\/index.php?rest_route=%2Fwp%2Fv2%2Fmedia&parent=4468"}],"wp:term":[{"taxonomy":"product_brand","embeddable":true,"href":"https:\/\/promoalge.com.br\/index.php?rest_route=%2Fwp%2Fv2%2Fproduct_brand&post=4468"},{"taxonomy":"product_cat","embeddable":true,"href":"https:\/\/promoalge.com.br\/index.php?rest_route=%2Fwp%2Fv2%2Fproduct_cat&post=4468"},{"taxonomy":"product_tag","embeddable":true,"href":"https:\/\/promoalge.com.br\/index.php?rest_route=%2Fwp%2Fv2%2Fproduct_tag&post=4468"}],"curies":[{"name":"wp","href":"https:\/\/api.w.org\/{rel}","templated":true}]}}