{"id":4513,"date":"2019-11-04T16:49:39","date_gmt":"2019-11-04T19:49:39","guid":{"rendered":"http:\/\/promoalge.com.br\/?post_type=product&#038;p=4513"},"modified":"2019-11-04T16:49:39","modified_gmt":"2019-11-04T19:49:39","slug":"squeeze-inox-650-ml-pr94649","status":"publish","type":"product","link":"https:\/\/promoalge.com.br\/?product=squeeze-inox-650-ml-pr94649","title":{"rendered":"Squeeze Inox 650 ml &#8211; PR94649"},"content":{"rendered":"","protected":false},"excerpt":{"rendered":"<p>Squeeze em alum\u00ednio e PP com tampa e canudo, capacidade  670 ml, medidas \u00f8 73 x 217 mm. Grava\u00e7\u00e3o a laser.<\/p>\n","protected":false},"featured_media":4520,"template":"","meta":[],"product_brand":[],"product_cat":[237],"product_tag":[],"class_list":{"0":"post-4513","1":"product","2":"type-product","3":"status-publish","4":"has-post-thumbnail","6":"product_cat-metalicas","8":"first","9":"instock","10":"shipping-taxable","11":"product-type-simple"},"_links":{"self":[{"href":"https:\/\/promoalge.com.br\/index.php?rest_route=\/wp\/v2\/product\/4513","targetHints":{"allow":["GET"]}}],"collection":[{"href":"https:\/\/promoalge.com.br\/index.php?rest_route=\/wp\/v2\/product"}],"about":[{"href":"https:\/\/promoalge.com.br\/index.php?rest_route=\/wp\/v2\/types\/product"}],"wp:featuredmedia":[{"embeddable":true,"href":"https:\/\/promoalge.com.br\/index.php?rest_route=\/wp\/v2\/media\/4520"}],"wp:attachment":[{"href":"https:\/\/promoalge.com.br\/index.php?rest_route=%2Fwp%2Fv2%2Fmedia&parent=4513"}],"wp:term":[{"taxonomy":"product_brand","embeddable":true,"href":"https:\/\/promoalge.com.br\/index.php?rest_route=%2Fwp%2Fv2%2Fproduct_brand&post=4513"},{"taxonomy":"product_cat","embeddable":true,"href":"https:\/\/promoalge.com.br\/index.php?rest_route=%2Fwp%2Fv2%2Fproduct_cat&post=4513"},{"taxonomy":"product_tag","embeddable":true,"href":"https:\/\/promoalge.com.br\/index.php?rest_route=%2Fwp%2Fv2%2Fproduct_tag&post=4513"}],"curies":[{"name":"wp","href":"https:\/\/api.w.org\/{rel}","templated":true}]}}