{"id":4549,"date":"2019-11-04T17:58:20","date_gmt":"2019-11-04T20:58:20","guid":{"rendered":"http:\/\/promoalge.com.br\/?post_type=product&#038;p=4549"},"modified":"2019-11-04T17:58:20","modified_gmt":"2019-11-04T20:58:20","slug":"copo-plastico-anti-queda-400-ml-prco8200","status":"publish","type":"product","link":"https:\/\/promoalge.com.br\/?product=copo-plastico-anti-queda-400-ml-prco8200","title":{"rendered":"Copo Pl\u00e1stico Anti Queda 400 ml &#8211; PRCO8200"},"content":{"rendered":"","protected":false},"excerpt":{"rendered":"<p>Copo pl\u00e1stico anti queda 400 ml de pintura preto fosco com al\u00e7a emborrachada colorida. Tampa rosque\u00e1vel com abertura de bocal, parte inferior do produto possui ventosa, medidas   (C x L):  22,2 cm x 8,6 cm x 26,1 cm. Grava\u00e7\u00e3o serigrafia em 1 cor.<\/p>\n","protected":false},"featured_media":4550,"template":"","meta":[],"product_brand":[],"product_cat":[251,353,409],"product_tag":[],"class_list":{"0":"post-4549","1":"product","2":"type-product","3":"status-publish","4":"has-post-thumbnail","6":"product_cat-plastica-canecas-copos-garrafas","7":"product_cat-diversos","8":"product_cat-escritorio","10":"first","11":"instock","12":"shipping-taxable","13":"product-type-simple"},"_links":{"self":[{"href":"https:\/\/promoalge.com.br\/index.php?rest_route=\/wp\/v2\/product\/4549","targetHints":{"allow":["GET"]}}],"collection":[{"href":"https:\/\/promoalge.com.br\/index.php?rest_route=\/wp\/v2\/product"}],"about":[{"href":"https:\/\/promoalge.com.br\/index.php?rest_route=\/wp\/v2\/types\/product"}],"wp:featuredmedia":[{"embeddable":true,"href":"https:\/\/promoalge.com.br\/index.php?rest_route=\/wp\/v2\/media\/4550"}],"wp:attachment":[{"href":"https:\/\/promoalge.com.br\/index.php?rest_route=%2Fwp%2Fv2%2Fmedia&parent=4549"}],"wp:term":[{"taxonomy":"product_brand","embeddable":true,"href":"https:\/\/promoalge.com.br\/index.php?rest_route=%2Fwp%2Fv2%2Fproduct_brand&post=4549"},{"taxonomy":"product_cat","embeddable":true,"href":"https:\/\/promoalge.com.br\/index.php?rest_route=%2Fwp%2Fv2%2Fproduct_cat&post=4549"},{"taxonomy":"product_tag","embeddable":true,"href":"https:\/\/promoalge.com.br\/index.php?rest_route=%2Fwp%2Fv2%2Fproduct_tag&post=4549"}],"curies":[{"name":"wp","href":"https:\/\/api.w.org\/{rel}","templated":true}]}}