{"id":4559,"date":"2019-11-05T16:11:09","date_gmt":"2019-11-05T19:11:09","guid":{"rendered":"http:\/\/promoalge.com.br\/?post_type=product&#038;p=4559"},"modified":"2019-11-05T16:11:09","modified_gmt":"2019-11-05T19:11:09","slug":"copo-retratil-150-ml-pr14273","status":"publish","type":"product","link":"https:\/\/promoalge.com.br\/?product=copo-retratil-150-ml-pr14273","title":{"rendered":"Copo Retr\u00e1til 150 ml &#8211; PR14273"},"content":{"rendered":"","protected":false},"excerpt":{"rendered":"<p>Copo retr\u00e1til 150ml de borracha termopl\u00e1stica, possui tampa de encaixe com argola pl\u00e1stica, medidas ; Altura :  7,2 cm x Largura :  9 cm x Circunfer\u00eancia :  20,5 cm. Grava\u00e7\u00e3o serigrafia em 1 cor.<\/p>\n","protected":false},"featured_media":4560,"template":"","meta":[],"product_brand":[],"product_cat":[251,353],"product_tag":[],"class_list":{"0":"post-4559","1":"product","2":"type-product","3":"status-publish","4":"has-post-thumbnail","6":"product_cat-plastica-canecas-copos-garrafas","7":"product_cat-diversos","9":"first","10":"instock","11":"shipping-taxable","12":"product-type-simple"},"_links":{"self":[{"href":"https:\/\/promoalge.com.br\/index.php?rest_route=\/wp\/v2\/product\/4559","targetHints":{"allow":["GET"]}}],"collection":[{"href":"https:\/\/promoalge.com.br\/index.php?rest_route=\/wp\/v2\/product"}],"about":[{"href":"https:\/\/promoalge.com.br\/index.php?rest_route=\/wp\/v2\/types\/product"}],"wp:featuredmedia":[{"embeddable":true,"href":"https:\/\/promoalge.com.br\/index.php?rest_route=\/wp\/v2\/media\/4560"}],"wp:attachment":[{"href":"https:\/\/promoalge.com.br\/index.php?rest_route=%2Fwp%2Fv2%2Fmedia&parent=4559"}],"wp:term":[{"taxonomy":"product_brand","embeddable":true,"href":"https:\/\/promoalge.com.br\/index.php?rest_route=%2Fwp%2Fv2%2Fproduct_brand&post=4559"},{"taxonomy":"product_cat","embeddable":true,"href":"https:\/\/promoalge.com.br\/index.php?rest_route=%2Fwp%2Fv2%2Fproduct_cat&post=4559"},{"taxonomy":"product_tag","embeddable":true,"href":"https:\/\/promoalge.com.br\/index.php?rest_route=%2Fwp%2Fv2%2Fproduct_tag&post=4559"}],"curies":[{"name":"wp","href":"https:\/\/api.w.org\/{rel}","templated":true}]}}