{"id":457,"date":"2018-06-14T17:17:13","date_gmt":"2018-06-14T20:17:13","guid":{"rendered":"http:\/\/promoalge.com.br\/?product=import-placeholder-for-4180"},"modified":"2022-02-15T21:19:45","modified_gmt":"2022-02-16T00:19:45","slug":"garrafa-termica-350-ml-500-ml-ou-1000-ml-pr395","status":"publish","type":"product","link":"https:\/\/promoalge.com.br\/?product=garrafa-termica-350-ml-500-ml-ou-1000-ml-pr395","title":{"rendered":"Garrafa em Inox 500 ml &#8211; PR1116"},"content":{"rendered":"","protected":false},"excerpt":{"rendered":"<p>Garrafa\u00a0 capacidade\u00a0 500 ml em inox com tampa rosque\u00e1vel, tampa interna em pl\u00e1stico resistente(basta um clique para abrir ou fechar). Acompanha capa protetora de couro sint\u00e9tico com al\u00e7a de nylon. Grava\u00e7\u00e3o serigrafia na capa e laser na Garrafa.<\/p>\n<p>Medidas:<\/p>\n<div class=\"desc\">\n<p class=\"desc-tit\">Altura<span class=\"desc-sub\">\u00a0:\u00a0 24,8 cm<\/span><\/p>\n<\/div>\n<div class=\"desc\">\n<p class=\"desc-tit\">Largura<span class=\"desc-sub\">\u00a0:\u00a0 6,7 cm<\/span><\/p>\n<\/div>\n<p>&nbsp;<\/p>\n<p>*M\u00ednimo 50 unidades.<\/p>\n","protected":false},"featured_media":580,"template":"","meta":[],"product_brand":[],"product_cat":[237],"product_tag":[],"class_list":{"0":"post-457","1":"product","2":"type-product","3":"status-publish","4":"has-post-thumbnail","6":"product_cat-metalicas","8":"first","9":"instock","10":"shipping-taxable","11":"product-type-simple"},"_links":{"self":[{"href":"https:\/\/promoalge.com.br\/index.php?rest_route=\/wp\/v2\/product\/457","targetHints":{"allow":["GET"]}}],"collection":[{"href":"https:\/\/promoalge.com.br\/index.php?rest_route=\/wp\/v2\/product"}],"about":[{"href":"https:\/\/promoalge.com.br\/index.php?rest_route=\/wp\/v2\/types\/product"}],"wp:featuredmedia":[{"embeddable":true,"href":"https:\/\/promoalge.com.br\/index.php?rest_route=\/wp\/v2\/media\/580"}],"wp:attachment":[{"href":"https:\/\/promoalge.com.br\/index.php?rest_route=%2Fwp%2Fv2%2Fmedia&parent=457"}],"wp:term":[{"taxonomy":"product_brand","embeddable":true,"href":"https:\/\/promoalge.com.br\/index.php?rest_route=%2Fwp%2Fv2%2Fproduct_brand&post=457"},{"taxonomy":"product_cat","embeddable":true,"href":"https:\/\/promoalge.com.br\/index.php?rest_route=%2Fwp%2Fv2%2Fproduct_cat&post=457"},{"taxonomy":"product_tag","embeddable":true,"href":"https:\/\/promoalge.com.br\/index.php?rest_route=%2Fwp%2Fv2%2Fproduct_tag&post=457"}],"curies":[{"name":"wp","href":"https:\/\/api.w.org\/{rel}","templated":true}]}}