{"id":4570,"date":"2019-11-05T16:22:58","date_gmt":"2019-11-05T19:22:58","guid":{"rendered":"http:\/\/promoalge.com.br\/?post_type=product&#038;p=4570"},"modified":"2019-11-05T16:22:59","modified_gmt":"2019-11-05T19:22:59","slug":"copo-retratil-500-ml-prco8500","status":"publish","type":"product","link":"https:\/\/promoalge.com.br\/?product=copo-retratil-500-ml-prco8500","title":{"rendered":"Copo Retr\u00e1til 500 ml &#8211; PRCO8500"},"content":{"rendered":"","protected":false},"excerpt":{"rendered":"<p>Copo de Silicone retr\u00e1til com tampa pl\u00e1stica e prote\u00e7\u00e3o do bico em silicone, capacidade 500 ml, medidas Alt. retra\u00eddo 7,3 cm. Alt. expandido 18 cm. Di\u00e2metro 8,5 cm. Grava\u00e7\u00e3o serigrafia em 1 cor.<\/p>\n","protected":false},"featured_media":4571,"template":"","meta":[],"product_brand":[],"product_cat":[251],"product_tag":[],"class_list":{"0":"post-4570","1":"product","2":"type-product","3":"status-publish","4":"has-post-thumbnail","6":"product_cat-plastica-canecas-copos-garrafas","8":"first","9":"instock","10":"shipping-taxable","11":"product-type-simple"},"_links":{"self":[{"href":"https:\/\/promoalge.com.br\/index.php?rest_route=\/wp\/v2\/product\/4570","targetHints":{"allow":["GET"]}}],"collection":[{"href":"https:\/\/promoalge.com.br\/index.php?rest_route=\/wp\/v2\/product"}],"about":[{"href":"https:\/\/promoalge.com.br\/index.php?rest_route=\/wp\/v2\/types\/product"}],"wp:featuredmedia":[{"embeddable":true,"href":"https:\/\/promoalge.com.br\/index.php?rest_route=\/wp\/v2\/media\/4571"}],"wp:attachment":[{"href":"https:\/\/promoalge.com.br\/index.php?rest_route=%2Fwp%2Fv2%2Fmedia&parent=4570"}],"wp:term":[{"taxonomy":"product_brand","embeddable":true,"href":"https:\/\/promoalge.com.br\/index.php?rest_route=%2Fwp%2Fv2%2Fproduct_brand&post=4570"},{"taxonomy":"product_cat","embeddable":true,"href":"https:\/\/promoalge.com.br\/index.php?rest_route=%2Fwp%2Fv2%2Fproduct_cat&post=4570"},{"taxonomy":"product_tag","embeddable":true,"href":"https:\/\/promoalge.com.br\/index.php?rest_route=%2Fwp%2Fv2%2Fproduct_tag&post=4570"}],"curies":[{"name":"wp","href":"https:\/\/api.w.org\/{rel}","templated":true}]}}