{"id":4596,"date":"2019-11-06T15:34:37","date_gmt":"2019-11-06T18:34:37","guid":{"rendered":"http:\/\/promoalge.com.br\/?post_type=product&#038;p=4596"},"modified":"2020-01-28T18:35:27","modified_gmt":"2020-01-28T21:35:27","slug":"kit-queijo-prkq270","status":"publish","type":"product","link":"https:\/\/promoalge.com.br\/?product=kit-queijo-prkq270","title":{"rendered":"Kit Queijo &#8211; PRKQ270"},"content":{"rendered":"","protected":false},"excerpt":{"rendered":"<p>Kit queijo com 04 pe\u00e7as: faca, garfo, espatula e t\u00e1bua de madeira retangular. Incluso Embalagem de papel kraft. Grava\u00e7\u00e3o a laser na t\u00e1bua e l\u00e2mina das facas.<\/p>\n","protected":false},"featured_media":4808,"template":"","meta":[],"product_brand":[],"product_cat":[49],"product_tag":[],"class_list":{"0":"post-4596","1":"product","2":"type-product","3":"status-publish","4":"has-post-thumbnail","6":"product_cat-bar-queijo-vinhos","8":"first","9":"instock","10":"shipping-taxable","11":"product-type-simple"},"_links":{"self":[{"href":"https:\/\/promoalge.com.br\/index.php?rest_route=\/wp\/v2\/product\/4596","targetHints":{"allow":["GET"]}}],"collection":[{"href":"https:\/\/promoalge.com.br\/index.php?rest_route=\/wp\/v2\/product"}],"about":[{"href":"https:\/\/promoalge.com.br\/index.php?rest_route=\/wp\/v2\/types\/product"}],"wp:featuredmedia":[{"embeddable":true,"href":"https:\/\/promoalge.com.br\/index.php?rest_route=\/wp\/v2\/media\/4808"}],"wp:attachment":[{"href":"https:\/\/promoalge.com.br\/index.php?rest_route=%2Fwp%2Fv2%2Fmedia&parent=4596"}],"wp:term":[{"taxonomy":"product_brand","embeddable":true,"href":"https:\/\/promoalge.com.br\/index.php?rest_route=%2Fwp%2Fv2%2Fproduct_brand&post=4596"},{"taxonomy":"product_cat","embeddable":true,"href":"https:\/\/promoalge.com.br\/index.php?rest_route=%2Fwp%2Fv2%2Fproduct_cat&post=4596"},{"taxonomy":"product_tag","embeddable":true,"href":"https:\/\/promoalge.com.br\/index.php?rest_route=%2Fwp%2Fv2%2Fproduct_tag&post=4596"}],"curies":[{"name":"wp","href":"https:\/\/api.w.org\/{rel}","templated":true}]}}