{"id":4640,"date":"2019-11-11T19:21:34","date_gmt":"2019-11-11T22:21:34","guid":{"rendered":"http:\/\/promoalge.com.br\/?post_type=product&#038;p=4640"},"modified":"2019-11-11T19:22:20","modified_gmt":"2019-11-11T22:22:20","slug":"bone-com-protetor-de-nuca-bprt","status":"publish","type":"product","link":"https:\/\/promoalge.com.br\/?product=bone-com-protetor-de-nuca-bprt","title":{"rendered":"Bon\u00e9 com Protetor para Nuca &#8211; BPRT"},"content":{"rendered":"","protected":false},"excerpt":{"rendered":"<p>Bon\u00e9 produzido em microfibra, modelo  6 gomos, americano ou ciclista, regulador velcro e acabamento interno e prote\u00e7\u00e3o para nuca. Grava\u00e7\u00e3o serigrafia ou bordado.<\/p>\n","protected":false},"featured_media":4642,"template":"","meta":[],"product_brand":[],"product_cat":[93],"product_tag":[],"class_list":{"0":"post-4640","1":"product","2":"type-product","3":"status-publish","4":"has-post-thumbnail","6":"product_cat-bones-viseiras","8":"first","9":"instock","10":"shipping-taxable","11":"product-type-simple"},"_links":{"self":[{"href":"https:\/\/promoalge.com.br\/index.php?rest_route=\/wp\/v2\/product\/4640","targetHints":{"allow":["GET"]}}],"collection":[{"href":"https:\/\/promoalge.com.br\/index.php?rest_route=\/wp\/v2\/product"}],"about":[{"href":"https:\/\/promoalge.com.br\/index.php?rest_route=\/wp\/v2\/types\/product"}],"wp:featuredmedia":[{"embeddable":true,"href":"https:\/\/promoalge.com.br\/index.php?rest_route=\/wp\/v2\/media\/4642"}],"wp:attachment":[{"href":"https:\/\/promoalge.com.br\/index.php?rest_route=%2Fwp%2Fv2%2Fmedia&parent=4640"}],"wp:term":[{"taxonomy":"product_brand","embeddable":true,"href":"https:\/\/promoalge.com.br\/index.php?rest_route=%2Fwp%2Fv2%2Fproduct_brand&post=4640"},{"taxonomy":"product_cat","embeddable":true,"href":"https:\/\/promoalge.com.br\/index.php?rest_route=%2Fwp%2Fv2%2Fproduct_cat&post=4640"},{"taxonomy":"product_tag","embeddable":true,"href":"https:\/\/promoalge.com.br\/index.php?rest_route=%2Fwp%2Fv2%2Fproduct_tag&post=4640"}],"curies":[{"name":"wp","href":"https:\/\/api.w.org\/{rel}","templated":true}]}}