{"id":4653,"date":"2019-11-11T19:50:39","date_gmt":"2019-11-11T22:50:39","guid":{"rendered":"http:\/\/promoalge.com.br\/?post_type=product&#038;p=4653"},"modified":"2019-11-11T19:50:40","modified_gmt":"2019-11-11T22:50:40","slug":"chapeu-australiano-com-protetor-de-nuca-chaust-pn","status":"publish","type":"product","link":"https:\/\/promoalge.com.br\/?product=chapeu-australiano-com-protetor-de-nuca-chaust-pn","title":{"rendered":"Chap\u00e9u Australiano com Protetor de Nuca &#8211; CHAUST-PN"},"content":{"rendered":"","protected":false},"excerpt":{"rendered":"<p>Chap\u00e9u Australiano produzido em brim,com protetor para nunca, acabamento com bot\u00e3o de metal, e cord\u00e3o como regulador. Grava\u00e7\u00e3o serigrafia ou Bordado.<\/p>\n","protected":false},"featured_media":4655,"template":"","meta":[],"product_brand":[],"product_cat":[93],"product_tag":[],"class_list":{"0":"post-4653","1":"product","2":"type-product","3":"status-publish","4":"has-post-thumbnail","6":"product_cat-bones-viseiras","8":"first","9":"instock","10":"shipping-taxable","11":"product-type-simple"},"_links":{"self":[{"href":"https:\/\/promoalge.com.br\/index.php?rest_route=\/wp\/v2\/product\/4653","targetHints":{"allow":["GET"]}}],"collection":[{"href":"https:\/\/promoalge.com.br\/index.php?rest_route=\/wp\/v2\/product"}],"about":[{"href":"https:\/\/promoalge.com.br\/index.php?rest_route=\/wp\/v2\/types\/product"}],"wp:featuredmedia":[{"embeddable":true,"href":"https:\/\/promoalge.com.br\/index.php?rest_route=\/wp\/v2\/media\/4655"}],"wp:attachment":[{"href":"https:\/\/promoalge.com.br\/index.php?rest_route=%2Fwp%2Fv2%2Fmedia&parent=4653"}],"wp:term":[{"taxonomy":"product_brand","embeddable":true,"href":"https:\/\/promoalge.com.br\/index.php?rest_route=%2Fwp%2Fv2%2Fproduct_brand&post=4653"},{"taxonomy":"product_cat","embeddable":true,"href":"https:\/\/promoalge.com.br\/index.php?rest_route=%2Fwp%2Fv2%2Fproduct_cat&post=4653"},{"taxonomy":"product_tag","embeddable":true,"href":"https:\/\/promoalge.com.br\/index.php?rest_route=%2Fwp%2Fv2%2Fproduct_tag&post=4653"}],"curies":[{"name":"wp","href":"https:\/\/api.w.org\/{rel}","templated":true}]}}