{"id":4663,"date":"2019-11-11T20:38:24","date_gmt":"2019-11-11T23:38:24","guid":{"rendered":"http:\/\/promoalge.com.br\/?post_type=product&#038;p=4663"},"modified":"2019-11-11T20:38:25","modified_gmt":"2019-11-11T23:38:25","slug":"sacola-termica-flexivel-14-litros-pr98426","status":"publish","type":"product","link":"https:\/\/promoalge.com.br\/?product=sacola-termica-flexivel-14-litros-pr98426","title":{"rendered":"Sacola T\u00e9rmica Flex\u00edvel 14 Litros &#8211; PR98426"},"content":{"rendered":"","protected":false},"excerpt":{"rendered":"<p>Sacola t\u00e9rmica flex\u00edvel produzida em poli\u00e9ster 600D, com z\u00edper duplo e interior forrado. Estrutura remov\u00edvel em alum\u00ednio, com pega ergon\u00f4mica em EVA, capacidade at\u00e9 14 L, medidas. 460 x 250 x 270 mm. Grava\u00e7\u00e3o serigrafia em 1 cor.<\/p>\n","protected":false},"featured_media":4673,"template":"","meta":[],"product_brand":[],"product_cat":[79,414],"product_tag":[],"class_list":{"0":"post-4663","1":"product","2":"type-product","3":"status-publish","4":"has-post-thumbnail","6":"product_cat-bolsas-mochilas","7":"product_cat-praia-verao","9":"first","10":"instock","11":"shipping-taxable","12":"product-type-simple"},"_links":{"self":[{"href":"https:\/\/promoalge.com.br\/index.php?rest_route=\/wp\/v2\/product\/4663","targetHints":{"allow":["GET"]}}],"collection":[{"href":"https:\/\/promoalge.com.br\/index.php?rest_route=\/wp\/v2\/product"}],"about":[{"href":"https:\/\/promoalge.com.br\/index.php?rest_route=\/wp\/v2\/types\/product"}],"wp:featuredmedia":[{"embeddable":true,"href":"https:\/\/promoalge.com.br\/index.php?rest_route=\/wp\/v2\/media\/4673"}],"wp:attachment":[{"href":"https:\/\/promoalge.com.br\/index.php?rest_route=%2Fwp%2Fv2%2Fmedia&parent=4663"}],"wp:term":[{"taxonomy":"product_brand","embeddable":true,"href":"https:\/\/promoalge.com.br\/index.php?rest_route=%2Fwp%2Fv2%2Fproduct_brand&post=4663"},{"taxonomy":"product_cat","embeddable":true,"href":"https:\/\/promoalge.com.br\/index.php?rest_route=%2Fwp%2Fv2%2Fproduct_cat&post=4663"},{"taxonomy":"product_tag","embeddable":true,"href":"https:\/\/promoalge.com.br\/index.php?rest_route=%2Fwp%2Fv2%2Fproduct_tag&post=4663"}],"curies":[{"name":"wp","href":"https:\/\/api.w.org\/{rel}","templated":true}]}}