{"id":4778,"date":"2019-12-04T18:32:16","date_gmt":"2019-12-04T21:32:16","guid":{"rendered":"http:\/\/promoalge.com.br\/?post_type=product&#038;p=4778"},"modified":"2019-12-04T18:32:16","modified_gmt":"2019-12-04T21:32:16","slug":"pasta-executiva-a5-pr92066","status":"publish","type":"product","link":"https:\/\/promoalge.com.br\/?product=pasta-executiva-a5-pr92066","title":{"rendered":"Pasta Executiva A5 &#8211; PR92066"},"content":{"rendered":"","protected":false},"excerpt":{"rendered":"<p>Pasta executiva tamanho A5 produzida em linho sint\u00e9tico e c. sint\u00e9tico, possui fecho magn\u00e9tico. Parte interna possui bloco com 20 folhas pautadas, medidas 183 x 252 x 18 mm. Grava\u00e7\u00e3o a laser na placa de metal.<\/p>\n","protected":false},"featured_media":4779,"template":"","meta":[],"product_brand":[],"product_cat":[353,409],"product_tag":[],"class_list":{"0":"post-4778","1":"product","2":"type-product","3":"status-publish","4":"has-post-thumbnail","6":"product_cat-diversos","7":"product_cat-escritorio","9":"first","10":"instock","11":"shipping-taxable","12":"product-type-simple"},"_links":{"self":[{"href":"https:\/\/promoalge.com.br\/index.php?rest_route=\/wp\/v2\/product\/4778","targetHints":{"allow":["GET"]}}],"collection":[{"href":"https:\/\/promoalge.com.br\/index.php?rest_route=\/wp\/v2\/product"}],"about":[{"href":"https:\/\/promoalge.com.br\/index.php?rest_route=\/wp\/v2\/types\/product"}],"wp:featuredmedia":[{"embeddable":true,"href":"https:\/\/promoalge.com.br\/index.php?rest_route=\/wp\/v2\/media\/4779"}],"wp:attachment":[{"href":"https:\/\/promoalge.com.br\/index.php?rest_route=%2Fwp%2Fv2%2Fmedia&parent=4778"}],"wp:term":[{"taxonomy":"product_brand","embeddable":true,"href":"https:\/\/promoalge.com.br\/index.php?rest_route=%2Fwp%2Fv2%2Fproduct_brand&post=4778"},{"taxonomy":"product_cat","embeddable":true,"href":"https:\/\/promoalge.com.br\/index.php?rest_route=%2Fwp%2Fv2%2Fproduct_cat&post=4778"},{"taxonomy":"product_tag","embeddable":true,"href":"https:\/\/promoalge.com.br\/index.php?rest_route=%2Fwp%2Fv2%2Fproduct_tag&post=4778"}],"curies":[{"name":"wp","href":"https:\/\/api.w.org\/{rel}","templated":true}]}}