{"id":4784,"date":"2019-12-11T15:03:28","date_gmt":"2019-12-11T18:03:28","guid":{"rendered":"http:\/\/promoalge.com.br\/?post_type=product&#038;p=4784"},"modified":"2019-12-11T15:03:29","modified_gmt":"2019-12-11T18:03:29","slug":"kit-caneta-chaveiro-porta-cartao-xa02099","status":"publish","type":"product","link":"https:\/\/promoalge.com.br\/?product=kit-caneta-chaveiro-porta-cartao-xa02099","title":{"rendered":"Kit Caneta, Chaveiro &#038; Porta Cart\u00e3o &#8211; XA02099"},"content":{"rendered":"","protected":false},"excerpt":{"rendered":"<p>Conjunto com porta cart\u00e3o em alum\u00ednio, caneta e chaveiro em Metal. Chaveiro tipo mosquet\u00e3o em Metal injetado em liga de Zamac. Caneta com acabamento Cromado Fosco Envelhecido e detalhes em Cromado Brilhante. Carga esferogr\u00e1fica azul, acionada com um giro no corpo da caneta. Porta cart\u00e3o com capacidade para, aproximadamente, 10 cart\u00f5es.<\/p>\n<p>Grava\u00e7\u00e3o a laser na caneta, chaveiro e porta cart\u00e3o.<\/p>\n","protected":false},"featured_media":4788,"template":"","meta":[],"product_brand":[],"product_cat":[407],"product_tag":[],"class_list":{"0":"post-4784","1":"product","2":"type-product","3":"status-publish","4":"has-post-thumbnail","6":"product_cat-conjuntos","8":"first","9":"instock","10":"shipping-taxable","11":"product-type-simple"},"_links":{"self":[{"href":"https:\/\/promoalge.com.br\/index.php?rest_route=\/wp\/v2\/product\/4784","targetHints":{"allow":["GET"]}}],"collection":[{"href":"https:\/\/promoalge.com.br\/index.php?rest_route=\/wp\/v2\/product"}],"about":[{"href":"https:\/\/promoalge.com.br\/index.php?rest_route=\/wp\/v2\/types\/product"}],"wp:featuredmedia":[{"embeddable":true,"href":"https:\/\/promoalge.com.br\/index.php?rest_route=\/wp\/v2\/media\/4788"}],"wp:attachment":[{"href":"https:\/\/promoalge.com.br\/index.php?rest_route=%2Fwp%2Fv2%2Fmedia&parent=4784"}],"wp:term":[{"taxonomy":"product_brand","embeddable":true,"href":"https:\/\/promoalge.com.br\/index.php?rest_route=%2Fwp%2Fv2%2Fproduct_brand&post=4784"},{"taxonomy":"product_cat","embeddable":true,"href":"https:\/\/promoalge.com.br\/index.php?rest_route=%2Fwp%2Fv2%2Fproduct_cat&post=4784"},{"taxonomy":"product_tag","embeddable":true,"href":"https:\/\/promoalge.com.br\/index.php?rest_route=%2Fwp%2Fv2%2Fproduct_tag&post=4784"}],"curies":[{"name":"wp","href":"https:\/\/api.w.org\/{rel}","templated":true}]}}