{"id":4799,"date":"2020-01-16T17:25:51","date_gmt":"2020-01-16T20:25:51","guid":{"rendered":"http:\/\/promoalge.com.br\/?post_type=product&#038;p=4799"},"modified":"2020-09-20T15:50:10","modified_gmt":"2020-09-20T18:50:10","slug":"sacola-tnt-metalizado-pr18537","status":"publish","type":"product","link":"https:\/\/promoalge.com.br\/?product=sacola-tnt-metalizado-pr18537","title":{"rendered":"Sacola em TNT Laminado &#8211; PR18537"},"content":{"rendered":"","protected":false},"excerpt":{"rendered":"<p>Sacola produzida em  TNT metalizada com bot\u00e3o, parte em TNT com revestimento pl\u00e1stico laminado, parte superior possui bot\u00e3o pl\u00e1stico para fecho, medidas  35 x  45,5 x 11,5 cm. Grava\u00e7\u00e3o serigrafia em 1 cor.<\/p>\n","protected":false},"featured_media":4800,"template":"","meta":[],"product_brand":[],"product_cat":[79,410],"product_tag":[],"class_list":{"0":"post-4799","1":"product","2":"type-product","3":"status-publish","4":"has-post-thumbnail","6":"product_cat-bolsas-mochilas","7":"product_cat-eventos-pastas-pvc","9":"first","10":"instock","11":"shipping-taxable","12":"product-type-simple"},"_links":{"self":[{"href":"https:\/\/promoalge.com.br\/index.php?rest_route=\/wp\/v2\/product\/4799","targetHints":{"allow":["GET"]}}],"collection":[{"href":"https:\/\/promoalge.com.br\/index.php?rest_route=\/wp\/v2\/product"}],"about":[{"href":"https:\/\/promoalge.com.br\/index.php?rest_route=\/wp\/v2\/types\/product"}],"wp:featuredmedia":[{"embeddable":true,"href":"https:\/\/promoalge.com.br\/index.php?rest_route=\/wp\/v2\/media\/4800"}],"wp:attachment":[{"href":"https:\/\/promoalge.com.br\/index.php?rest_route=%2Fwp%2Fv2%2Fmedia&parent=4799"}],"wp:term":[{"taxonomy":"product_brand","embeddable":true,"href":"https:\/\/promoalge.com.br\/index.php?rest_route=%2Fwp%2Fv2%2Fproduct_brand&post=4799"},{"taxonomy":"product_cat","embeddable":true,"href":"https:\/\/promoalge.com.br\/index.php?rest_route=%2Fwp%2Fv2%2Fproduct_cat&post=4799"},{"taxonomy":"product_tag","embeddable":true,"href":"https:\/\/promoalge.com.br\/index.php?rest_route=%2Fwp%2Fv2%2Fproduct_tag&post=4799"}],"curies":[{"name":"wp","href":"https:\/\/api.w.org\/{rel}","templated":true}]}}