{"id":4813,"date":"2020-02-12T12:54:17","date_gmt":"2020-02-12T15:54:17","guid":{"rendered":"http:\/\/promoalge.com.br\/?post_type=product&#038;p=4813"},"modified":"2025-04-08T17:58:35","modified_gmt":"2025-04-08T20:58:35","slug":"massageador-e-limpador-facial-prlr20","status":"publish","type":"product","link":"https:\/\/promoalge.com.br\/?product=massageador-e-limpador-facial-prlr20","title":{"rendered":"Massageador e Limpador Facial &#8211; PRLR20"},"content":{"rendered":"","protected":false},"excerpt":{"rendered":"<p>Massageador Facial com tecnologia T-Sonic. Produzido em silicone resistente a \u00e1gua, a escova possui cerdas macias que limpam e massageiam a face. Sua parte frontal possui um bot\u00e3o de acionamento, al\u00e9m de dois bot\u00f5es para altera\u00e7\u00e3o entre os 6 modos de intensidade. A limpeza da face atrav\u00e9s do uso do produto, limpa profundamente os poros melhorando v\u00e1rios aspectos da pele, aumentando o fluxo sangu\u00edneo, prevenindo contra rugas e outras impurezas na pele. O produto possui bateria recarreg\u00e1vel com Voltagem de 3.7V e Pot\u00eancia de 0.25W. Acompanha cabo USB, medidas altura :  7,9 cm x Largura :  7,4 cm x Espessura :  2,9 cm. Grava\u00e7\u00e3o serigrafia em 1 cor.<\/p>\n","protected":false},"featured_media":4819,"template":"","meta":[],"product_brand":[],"product_cat":[353,413],"product_tag":[],"class_list":{"0":"post-4813","1":"product","2":"type-product","3":"status-publish","4":"has-post-thumbnail","6":"product_cat-diversos","7":"product_cat-linha-feminina","9":"first","10":"instock","11":"shipping-taxable","12":"product-type-simple"},"_links":{"self":[{"href":"https:\/\/promoalge.com.br\/index.php?rest_route=\/wp\/v2\/product\/4813","targetHints":{"allow":["GET"]}}],"collection":[{"href":"https:\/\/promoalge.com.br\/index.php?rest_route=\/wp\/v2\/product"}],"about":[{"href":"https:\/\/promoalge.com.br\/index.php?rest_route=\/wp\/v2\/types\/product"}],"wp:featuredmedia":[{"embeddable":true,"href":"https:\/\/promoalge.com.br\/index.php?rest_route=\/wp\/v2\/media\/4819"}],"wp:attachment":[{"href":"https:\/\/promoalge.com.br\/index.php?rest_route=%2Fwp%2Fv2%2Fmedia&parent=4813"}],"wp:term":[{"taxonomy":"product_brand","embeddable":true,"href":"https:\/\/promoalge.com.br\/index.php?rest_route=%2Fwp%2Fv2%2Fproduct_brand&post=4813"},{"taxonomy":"product_cat","embeddable":true,"href":"https:\/\/promoalge.com.br\/index.php?rest_route=%2Fwp%2Fv2%2Fproduct_cat&post=4813"},{"taxonomy":"product_tag","embeddable":true,"href":"https:\/\/promoalge.com.br\/index.php?rest_route=%2Fwp%2Fv2%2Fproduct_tag&post=4813"}],"curies":[{"name":"wp","href":"https:\/\/api.w.org\/{rel}","templated":true}]}}