{"id":484,"date":"2018-06-14T17:18:45","date_gmt":"2018-06-14T20:18:45","guid":{"rendered":"http:\/\/promoalge.com.br\/?product=import-placeholder-for-4245"},"modified":"2018-06-14T17:27:23","modified_gmt":"2018-06-14T20:27:23","slug":"squeeze-750-ml-pr132g","status":"publish","type":"product","link":"https:\/\/promoalge.com.br\/?product=squeeze-750-ml-pr132g","title":{"rendered":"Squeeze 750 Ml &#8211; PR132G"},"content":{"rendered":"<p>Squeeze de a\u00e7o inox com mosquet\u00e3o capacidade de 750 ml,Grava\u00e7\u00e3o serigrafia ou laser.<\/p>\n","protected":false},"excerpt":{"rendered":"<p>Squeeze de a\u00e7o inox com mosquet\u00e3o capacidade de 750 ml,Grava\u00e7\u00e3o serigrafia ou laser.<\/p>\n","protected":false},"featured_media":636,"template":"","meta":[],"product_brand":[],"product_cat":[237],"product_tag":[],"class_list":{"0":"post-484","1":"product","2":"type-product","3":"status-publish","4":"has-post-thumbnail","6":"product_cat-metalicas","8":"first","9":"instock","10":"shipping-taxable","11":"product-type-simple"},"_links":{"self":[{"href":"https:\/\/promoalge.com.br\/index.php?rest_route=\/wp\/v2\/product\/484","targetHints":{"allow":["GET"]}}],"collection":[{"href":"https:\/\/promoalge.com.br\/index.php?rest_route=\/wp\/v2\/product"}],"about":[{"href":"https:\/\/promoalge.com.br\/index.php?rest_route=\/wp\/v2\/types\/product"}],"wp:featuredmedia":[{"embeddable":true,"href":"https:\/\/promoalge.com.br\/index.php?rest_route=\/wp\/v2\/media\/636"}],"wp:attachment":[{"href":"https:\/\/promoalge.com.br\/index.php?rest_route=%2Fwp%2Fv2%2Fmedia&parent=484"}],"wp:term":[{"taxonomy":"product_brand","embeddable":true,"href":"https:\/\/promoalge.com.br\/index.php?rest_route=%2Fwp%2Fv2%2Fproduct_brand&post=484"},{"taxonomy":"product_cat","embeddable":true,"href":"https:\/\/promoalge.com.br\/index.php?rest_route=%2Fwp%2Fv2%2Fproduct_cat&post=484"},{"taxonomy":"product_tag","embeddable":true,"href":"https:\/\/promoalge.com.br\/index.php?rest_route=%2Fwp%2Fv2%2Fproduct_tag&post=484"}],"curies":[{"name":"wp","href":"https:\/\/api.w.org\/{rel}","templated":true}]}}