{"id":4842,"date":"2020-02-12T15:23:51","date_gmt":"2020-02-12T18:23:51","guid":{"rendered":"http:\/\/promoalge.com.br\/?post_type=product&#038;p=4842"},"modified":"2020-02-12T15:23:52","modified_gmt":"2020-02-12T18:23:52","slug":"garrafa-termica-350-ml-prgf35l","status":"publish","type":"product","link":"https:\/\/promoalge.com.br\/?product=garrafa-termica-350-ml-prgf35l","title":{"rendered":"Garrafa T\u00e9rmica 350 ml &#8211; PRGF35L"},"content":{"rendered":"","protected":false},"excerpt":{"rendered":"<p>Garrafa t\u00e9rmica 350 ml em inox de alta qualidade. Possui tampa rosque\u00e1vel com detalhe superior em relevo, pode ser utilizada com l\u00edquidos quentes ou frios. Observa\u00e7\u00e3o: n\u00e3o colocar no fog\u00e3o ou micro-ondas. Grava\u00e7\u00e3o a laser.<\/p>\n","protected":false},"featured_media":4843,"template":"","meta":[],"product_brand":[],"product_cat":[237],"product_tag":[],"class_list":{"0":"post-4842","1":"product","2":"type-product","3":"status-publish","4":"has-post-thumbnail","6":"product_cat-metalicas","8":"first","9":"instock","10":"shipping-taxable","11":"product-type-simple"},"_links":{"self":[{"href":"https:\/\/promoalge.com.br\/index.php?rest_route=\/wp\/v2\/product\/4842","targetHints":{"allow":["GET"]}}],"collection":[{"href":"https:\/\/promoalge.com.br\/index.php?rest_route=\/wp\/v2\/product"}],"about":[{"href":"https:\/\/promoalge.com.br\/index.php?rest_route=\/wp\/v2\/types\/product"}],"wp:featuredmedia":[{"embeddable":true,"href":"https:\/\/promoalge.com.br\/index.php?rest_route=\/wp\/v2\/media\/4843"}],"wp:attachment":[{"href":"https:\/\/promoalge.com.br\/index.php?rest_route=%2Fwp%2Fv2%2Fmedia&parent=4842"}],"wp:term":[{"taxonomy":"product_brand","embeddable":true,"href":"https:\/\/promoalge.com.br\/index.php?rest_route=%2Fwp%2Fv2%2Fproduct_brand&post=4842"},{"taxonomy":"product_cat","embeddable":true,"href":"https:\/\/promoalge.com.br\/index.php?rest_route=%2Fwp%2Fv2%2Fproduct_cat&post=4842"},{"taxonomy":"product_tag","embeddable":true,"href":"https:\/\/promoalge.com.br\/index.php?rest_route=%2Fwp%2Fv2%2Fproduct_tag&post=4842"}],"curies":[{"name":"wp","href":"https:\/\/api.w.org\/{rel}","templated":true}]}}