{"id":4879,"date":"2020-02-21T14:24:43","date_gmt":"2020-02-21T17:24:43","guid":{"rendered":"http:\/\/promoalge.com.br\/?post_type=product&#038;p=4879"},"modified":"2025-04-08T17:58:27","modified_gmt":"2025-04-08T20:58:27","slug":"porta-bolsa-pr1006","status":"publish","type":"product","link":"https:\/\/promoalge.com.br\/?product=porta-bolsa-pr1006","title":{"rendered":"Porta Bolsa &#8211; PR1006"},"content":{"rendered":"","protected":false},"excerpt":{"rendered":"<p>Porta bolsa de metal dobr\u00e1vel, possui chapa central redonda para grava\u00e7\u00e3o e parte traseira borracha anti deslizante. Para utilizar o porta bolsa basta puxar a lateral(\u00e9 imantado) e abri-lo, medidas 4,4 cm x 4,4 cm. Grava\u00e7\u00e3o a laser.<\/p>\n","protected":false},"featured_media":4881,"template":"","meta":[],"product_brand":[],"product_cat":[353,413],"product_tag":[],"class_list":{"0":"post-4879","1":"product","2":"type-product","3":"status-publish","4":"has-post-thumbnail","6":"product_cat-diversos","7":"product_cat-linha-feminina","9":"first","10":"instock","11":"shipping-taxable","12":"product-type-simple"},"_links":{"self":[{"href":"https:\/\/promoalge.com.br\/index.php?rest_route=\/wp\/v2\/product\/4879","targetHints":{"allow":["GET"]}}],"collection":[{"href":"https:\/\/promoalge.com.br\/index.php?rest_route=\/wp\/v2\/product"}],"about":[{"href":"https:\/\/promoalge.com.br\/index.php?rest_route=\/wp\/v2\/types\/product"}],"wp:featuredmedia":[{"embeddable":true,"href":"https:\/\/promoalge.com.br\/index.php?rest_route=\/wp\/v2\/media\/4881"}],"wp:attachment":[{"href":"https:\/\/promoalge.com.br\/index.php?rest_route=%2Fwp%2Fv2%2Fmedia&parent=4879"}],"wp:term":[{"taxonomy":"product_brand","embeddable":true,"href":"https:\/\/promoalge.com.br\/index.php?rest_route=%2Fwp%2Fv2%2Fproduct_brand&post=4879"},{"taxonomy":"product_cat","embeddable":true,"href":"https:\/\/promoalge.com.br\/index.php?rest_route=%2Fwp%2Fv2%2Fproduct_cat&post=4879"},{"taxonomy":"product_tag","embeddable":true,"href":"https:\/\/promoalge.com.br\/index.php?rest_route=%2Fwp%2Fv2%2Fproduct_tag&post=4879"}],"curies":[{"name":"wp","href":"https:\/\/api.w.org\/{rel}","templated":true}]}}