{"id":4899,"date":"2020-03-04T18:46:09","date_gmt":"2020-03-04T21:46:09","guid":{"rendered":"http:\/\/promoalge.com.br\/?post_type=product&#038;p=4899"},"modified":"2020-03-04T18:46:09","modified_gmt":"2020-03-04T21:46:09","slug":"kit-canudo-com-sacola-prcn002","status":"publish","type":"product","link":"https:\/\/promoalge.com.br\/?product=kit-canudo-com-sacola-prcn002","title":{"rendered":"Kit Canudo com Sacola &#8211; PRCN002"},"content":{"rendered":"","protected":false},"excerpt":{"rendered":"<p>Kit com 2 canudos de a\u00e7o e 1 limpador em estojo de algod\u00e3o. Cont\u00e9m canudo reto de 215 mm e canudo curvado de 203 mm com detalhe superior de dez an\u00e9is, limpador com corpo de a\u00e7o e ponteira pl\u00e1stica.  Grava\u00e7\u00e3o serigrafia em 1 cor no estojo.<\/p>\n","protected":false},"featured_media":4900,"template":"","meta":[],"product_brand":[],"product_cat":[353,321],"product_tag":[],"class_list":{"0":"post-4899","1":"product","2":"type-product","3":"status-publish","4":"has-post-thumbnail","6":"product_cat-diversos","7":"product_cat-linha-ecologica","9":"first","10":"instock","11":"shipping-taxable","12":"product-type-simple"},"_links":{"self":[{"href":"https:\/\/promoalge.com.br\/index.php?rest_route=\/wp\/v2\/product\/4899","targetHints":{"allow":["GET"]}}],"collection":[{"href":"https:\/\/promoalge.com.br\/index.php?rest_route=\/wp\/v2\/product"}],"about":[{"href":"https:\/\/promoalge.com.br\/index.php?rest_route=\/wp\/v2\/types\/product"}],"wp:featuredmedia":[{"embeddable":true,"href":"https:\/\/promoalge.com.br\/index.php?rest_route=\/wp\/v2\/media\/4900"}],"wp:attachment":[{"href":"https:\/\/promoalge.com.br\/index.php?rest_route=%2Fwp%2Fv2%2Fmedia&parent=4899"}],"wp:term":[{"taxonomy":"product_brand","embeddable":true,"href":"https:\/\/promoalge.com.br\/index.php?rest_route=%2Fwp%2Fv2%2Fproduct_brand&post=4899"},{"taxonomy":"product_cat","embeddable":true,"href":"https:\/\/promoalge.com.br\/index.php?rest_route=%2Fwp%2Fv2%2Fproduct_cat&post=4899"},{"taxonomy":"product_tag","embeddable":true,"href":"https:\/\/promoalge.com.br\/index.php?rest_route=%2Fwp%2Fv2%2Fproduct_tag&post=4899"}],"curies":[{"name":"wp","href":"https:\/\/api.w.org\/{rel}","templated":true}]}}