{"id":49,"date":"2018-06-14T17:02:39","date_gmt":"2018-06-14T20:02:39","guid":{"rendered":"http:\/\/promoalge.com.br\/?product=import-placeholder-for-3573"},"modified":"2019-11-11T18:52:09","modified_gmt":"2019-11-11T21:52:09","slug":"viseira-vis","status":"publish","type":"product","link":"https:\/\/promoalge.com.br\/?product=viseira-vis","title":{"rendered":"Viseira &#8211; VIS"},"content":{"rendered":"<p>Viseira produzida em microfibra com op\u00e7\u00e3o de aba sandu\u00edche ou n\u00e3o, regulador velcro ou plastico. Personaliza\u00e7\u00e3o atrav\u00e9s de serigrafia ou bordado.<\/p>\n","protected":false},"excerpt":{"rendered":"<p>Viseira produzida em microfibra com op\u00e7\u00e3o de aba sandu\u00edche ou n\u00e3o, regulador velcro ou plastico. Personaliza\u00e7\u00e3o atrav\u00e9s de serigrafia ou bordado.<\/p>\n","protected":false},"featured_media":4631,"template":"","meta":[],"product_brand":[],"product_cat":[93],"product_tag":[],"class_list":{"0":"post-49","1":"product","2":"type-product","3":"status-publish","4":"has-post-thumbnail","6":"product_cat-bones-viseiras","8":"first","9":"instock","10":"shipping-taxable","11":"product-type-simple"},"_links":{"self":[{"href":"https:\/\/promoalge.com.br\/index.php?rest_route=\/wp\/v2\/product\/49","targetHints":{"allow":["GET"]}}],"collection":[{"href":"https:\/\/promoalge.com.br\/index.php?rest_route=\/wp\/v2\/product"}],"about":[{"href":"https:\/\/promoalge.com.br\/index.php?rest_route=\/wp\/v2\/types\/product"}],"wp:featuredmedia":[{"embeddable":true,"href":"https:\/\/promoalge.com.br\/index.php?rest_route=\/wp\/v2\/media\/4631"}],"wp:attachment":[{"href":"https:\/\/promoalge.com.br\/index.php?rest_route=%2Fwp%2Fv2%2Fmedia&parent=49"}],"wp:term":[{"taxonomy":"product_brand","embeddable":true,"href":"https:\/\/promoalge.com.br\/index.php?rest_route=%2Fwp%2Fv2%2Fproduct_brand&post=49"},{"taxonomy":"product_cat","embeddable":true,"href":"https:\/\/promoalge.com.br\/index.php?rest_route=%2Fwp%2Fv2%2Fproduct_cat&post=49"},{"taxonomy":"product_tag","embeddable":true,"href":"https:\/\/promoalge.com.br\/index.php?rest_route=%2Fwp%2Fv2%2Fproduct_tag&post=49"}],"curies":[{"name":"wp","href":"https:\/\/api.w.org\/{rel}","templated":true}]}}