{"id":4914,"date":"2020-03-12T12:07:17","date_gmt":"2020-03-12T15:07:17","guid":{"rendered":"http:\/\/promoalge.com.br\/?post_type=product&#038;p=4914"},"modified":"2020-03-12T12:07:18","modified_gmt":"2020-03-12T15:07:18","slug":"pasta-com-carregador-por-inducao-prpc800","status":"publish","type":"product","link":"https:\/\/promoalge.com.br\/?product=pasta-com-carregador-por-inducao-prpc800","title":{"rendered":"Pasta com Carregador por Indu\u00e7\u00e3o &#8211; PRPC800"},"content":{"rendered":"","protected":false},"excerpt":{"rendered":"<p>Pasta conven\u00e7\u00e3o com carregador por indu\u00e7\u00e3o. Capa confeccionada em poli\u00e9ster, possui indutor de carga na capa (para usufruir do do carregador \u00e9 necess\u00e1rio que o tablet ou smartphone tenha a tecnologia QI), parte interna com suporte para tablet e\/ou celular, bolso para documentos, duas fitas el\u00e1sticas, bolso com divis\u00f3rias para cart\u00f5es, suporte el\u00e1stico para caneta, bloco de anota\u00e7\u00f5es com aproximadamente 20 folhas brancas pautadas. Possui entrada micro USB na parte superior do bloco, necess\u00e1rio para conex\u00e3o do cabo para receptar a energia. Acompanha cabo USB. Obs.: Este produto n\u00e3o possui bateria, \u00e9 apenas um receptor de carga. Para utiliza\u00e7\u00e3o \u00e9 necess\u00e1rio conectar \u00e0 uma bateria externa. Grava\u00e7\u00e3o serigrafia em 1 cor.<\/p>\n","protected":false},"featured_media":4915,"template":"","meta":[],"product_brand":[],"product_cat":[409,417],"product_tag":[],"class_list":{"0":"post-4914","1":"product","2":"type-product","3":"status-publish","4":"has-post-thumbnail","6":"product_cat-escritorio","7":"product_cat-pendrive-tecnologia","9":"first","10":"instock","11":"shipping-taxable","12":"product-type-simple"},"_links":{"self":[{"href":"https:\/\/promoalge.com.br\/index.php?rest_route=\/wp\/v2\/product\/4914","targetHints":{"allow":["GET"]}}],"collection":[{"href":"https:\/\/promoalge.com.br\/index.php?rest_route=\/wp\/v2\/product"}],"about":[{"href":"https:\/\/promoalge.com.br\/index.php?rest_route=\/wp\/v2\/types\/product"}],"wp:featuredmedia":[{"embeddable":true,"href":"https:\/\/promoalge.com.br\/index.php?rest_route=\/wp\/v2\/media\/4915"}],"wp:attachment":[{"href":"https:\/\/promoalge.com.br\/index.php?rest_route=%2Fwp%2Fv2%2Fmedia&parent=4914"}],"wp:term":[{"taxonomy":"product_brand","embeddable":true,"href":"https:\/\/promoalge.com.br\/index.php?rest_route=%2Fwp%2Fv2%2Fproduct_brand&post=4914"},{"taxonomy":"product_cat","embeddable":true,"href":"https:\/\/promoalge.com.br\/index.php?rest_route=%2Fwp%2Fv2%2Fproduct_cat&post=4914"},{"taxonomy":"product_tag","embeddable":true,"href":"https:\/\/promoalge.com.br\/index.php?rest_route=%2Fwp%2Fv2%2Fproduct_tag&post=4914"}],"curies":[{"name":"wp","href":"https:\/\/api.w.org\/{rel}","templated":true}]}}