{"id":4940,"date":"2020-03-12T17:27:33","date_gmt":"2020-03-12T20:27:33","guid":{"rendered":"http:\/\/promoalge.com.br\/?post_type=product&#038;p=4940"},"modified":"2020-03-12T17:27:34","modified_gmt":"2020-03-12T20:27:34","slug":"munhequeira-pr99023","status":"publish","type":"product","link":"https:\/\/promoalge.com.br\/?product=munhequeira-pr99023","title":{"rendered":"Munhequeira &#8211; PR99023"},"content":{"rendered":"","protected":false},"excerpt":{"rendered":"<p>Munhequeira com el\u00e1stico produzida em poli\u00e9ster com bolso, medidas 100 x 100 mm. Grava\u00e7\u00e3o serigrafia em 1 cor.<\/p>\n","protected":false},"featured_media":4941,"template":"","meta":[],"product_brand":[],"product_cat":[353],"product_tag":[],"class_list":{"0":"post-4940","1":"product","2":"type-product","3":"status-publish","4":"has-post-thumbnail","6":"product_cat-diversos","8":"first","9":"instock","10":"shipping-taxable","11":"product-type-simple"},"_links":{"self":[{"href":"https:\/\/promoalge.com.br\/index.php?rest_route=\/wp\/v2\/product\/4940","targetHints":{"allow":["GET"]}}],"collection":[{"href":"https:\/\/promoalge.com.br\/index.php?rest_route=\/wp\/v2\/product"}],"about":[{"href":"https:\/\/promoalge.com.br\/index.php?rest_route=\/wp\/v2\/types\/product"}],"wp:featuredmedia":[{"embeddable":true,"href":"https:\/\/promoalge.com.br\/index.php?rest_route=\/wp\/v2\/media\/4941"}],"wp:attachment":[{"href":"https:\/\/promoalge.com.br\/index.php?rest_route=%2Fwp%2Fv2%2Fmedia&parent=4940"}],"wp:term":[{"taxonomy":"product_brand","embeddable":true,"href":"https:\/\/promoalge.com.br\/index.php?rest_route=%2Fwp%2Fv2%2Fproduct_brand&post=4940"},{"taxonomy":"product_cat","embeddable":true,"href":"https:\/\/promoalge.com.br\/index.php?rest_route=%2Fwp%2Fv2%2Fproduct_cat&post=4940"},{"taxonomy":"product_tag","embeddable":true,"href":"https:\/\/promoalge.com.br\/index.php?rest_route=%2Fwp%2Fv2%2Fproduct_tag&post=4940"}],"curies":[{"name":"wp","href":"https:\/\/api.w.org\/{rel}","templated":true}]}}