{"id":4950,"date":"2020-03-13T12:37:54","date_gmt":"2020-03-13T15:37:54","guid":{"rendered":"http:\/\/promoalge.com.br\/?post_type=product&#038;p=4950"},"modified":"2021-05-05T18:44:27","modified_gmt":"2021-05-05T21:44:27","slug":"abridor-vinho-eletrico-pr3004","status":"publish","type":"product","link":"https:\/\/promoalge.com.br\/?product=abridor-vinho-eletrico-pr3004","title":{"rendered":"Abridor Vinho El\u00e9trico &#8211; PR3004"},"content":{"rendered":"","protected":false},"excerpt":{"rendered":"<p>Saca rolhas el\u00e9trico com suporte cortador de lacre. Parte superior emborrachada e parte inferior acr\u00edlica, possui compartimento no verso para 4 pilhas AA (n\u00e3o acompanha pilhas), bot\u00f5es para extra\u00e7\u00e3o e remo\u00e7\u00e3o de rolhas e suporte cortador de lacre que tamb\u00e9m pode ser utilizado como base de sustenta\u00e7\u00e3o, medidas ,Altura : 23,4 cm x Largura : 4,8 cm x Circunfer\u00eancia : 14,2 cm. OBS.: N\u00e3o afundar o produto na \u00e1gua ou qualquer outro tipo de l\u00edquido. Grava\u00e7\u00e3o serigrafia em 1 cor.<\/p>\n","protected":false},"featured_media":4951,"template":"","meta":[],"product_brand":[],"product_cat":[49],"product_tag":[],"class_list":{"0":"post-4950","1":"product","2":"type-product","3":"status-publish","4":"has-post-thumbnail","6":"product_cat-bar-queijo-vinhos","8":"first","9":"instock","10":"shipping-taxable","11":"product-type-simple"},"_links":{"self":[{"href":"https:\/\/promoalge.com.br\/index.php?rest_route=\/wp\/v2\/product\/4950","targetHints":{"allow":["GET"]}}],"collection":[{"href":"https:\/\/promoalge.com.br\/index.php?rest_route=\/wp\/v2\/product"}],"about":[{"href":"https:\/\/promoalge.com.br\/index.php?rest_route=\/wp\/v2\/types\/product"}],"wp:featuredmedia":[{"embeddable":true,"href":"https:\/\/promoalge.com.br\/index.php?rest_route=\/wp\/v2\/media\/4951"}],"wp:attachment":[{"href":"https:\/\/promoalge.com.br\/index.php?rest_route=%2Fwp%2Fv2%2Fmedia&parent=4950"}],"wp:term":[{"taxonomy":"product_brand","embeddable":true,"href":"https:\/\/promoalge.com.br\/index.php?rest_route=%2Fwp%2Fv2%2Fproduct_brand&post=4950"},{"taxonomy":"product_cat","embeddable":true,"href":"https:\/\/promoalge.com.br\/index.php?rest_route=%2Fwp%2Fv2%2Fproduct_cat&post=4950"},{"taxonomy":"product_tag","embeddable":true,"href":"https:\/\/promoalge.com.br\/index.php?rest_route=%2Fwp%2Fv2%2Fproduct_tag&post=4950"}],"curies":[{"name":"wp","href":"https:\/\/api.w.org\/{rel}","templated":true}]}}