{"id":4954,"date":"2020-03-13T13:00:33","date_gmt":"2020-03-13T16:00:33","guid":{"rendered":"http:\/\/promoalge.com.br\/?post_type=product&#038;p=4954"},"modified":"2020-03-13T13:00:33","modified_gmt":"2020-03-13T16:00:33","slug":"abridor-vinho-eletrico-pr18555","status":"publish","type":"product","link":"https:\/\/promoalge.com.br\/?product=abridor-vinho-eletrico-pr18555","title":{"rendered":"Abridor Vinho El\u00e9trico &#8211; PR18555"},"content":{"rendered":"","protected":false},"excerpt":{"rendered":"<p>Saca rolhas el\u00e9trico com cortador de lacre. Parte superior em a\u00e7o inoxid\u00e1vel e parte inferior acr\u00edlica, possui compartimento para 4 pilhas AA na parte superior (n\u00e3o acompanha pilhas) \u2013 cont\u00e9m desenho indicativo de abertura e fechamento da tampa; bot\u00f5es para extra\u00e7\u00e3o e remo\u00e7\u00e3o de rolhas e parte inferior com anel cortador de lacre (remov\u00edvel), medidas Altura :  23,4 cm x Largura :  5 cm x Circunfer\u00eancia :  14,5 cm. OBS.: N\u00e3o afundar o produto na \u00e1gua ou qualquer outro tipo de l\u00edquido. Grava\u00e7\u00e3o a laser<\/p>\n","protected":false},"featured_media":4955,"template":"","meta":[],"product_brand":[],"product_cat":[49],"product_tag":[],"class_list":{"0":"post-4954","1":"product","2":"type-product","3":"status-publish","4":"has-post-thumbnail","6":"product_cat-bar-queijo-vinhos","8":"first","9":"instock","10":"shipping-taxable","11":"product-type-simple"},"_links":{"self":[{"href":"https:\/\/promoalge.com.br\/index.php?rest_route=\/wp\/v2\/product\/4954","targetHints":{"allow":["GET"]}}],"collection":[{"href":"https:\/\/promoalge.com.br\/index.php?rest_route=\/wp\/v2\/product"}],"about":[{"href":"https:\/\/promoalge.com.br\/index.php?rest_route=\/wp\/v2\/types\/product"}],"wp:featuredmedia":[{"embeddable":true,"href":"https:\/\/promoalge.com.br\/index.php?rest_route=\/wp\/v2\/media\/4955"}],"wp:attachment":[{"href":"https:\/\/promoalge.com.br\/index.php?rest_route=%2Fwp%2Fv2%2Fmedia&parent=4954"}],"wp:term":[{"taxonomy":"product_brand","embeddable":true,"href":"https:\/\/promoalge.com.br\/index.php?rest_route=%2Fwp%2Fv2%2Fproduct_brand&post=4954"},{"taxonomy":"product_cat","embeddable":true,"href":"https:\/\/promoalge.com.br\/index.php?rest_route=%2Fwp%2Fv2%2Fproduct_cat&post=4954"},{"taxonomy":"product_tag","embeddable":true,"href":"https:\/\/promoalge.com.br\/index.php?rest_route=%2Fwp%2Fv2%2Fproduct_tag&post=4954"}],"curies":[{"name":"wp","href":"https:\/\/api.w.org\/{rel}","templated":true}]}}