{"id":4962,"date":"2020-03-13T13:07:35","date_gmt":"2020-03-13T16:07:35","guid":{"rendered":"http:\/\/promoalge.com.br\/?post_type=product&#038;p=4962"},"modified":"2021-05-05T18:46:13","modified_gmt":"2021-05-05T21:46:13","slug":"abridor-vinho-eletrico-pr18560","status":"publish","type":"product","link":"https:\/\/promoalge.com.br\/?product=abridor-vinho-eletrico-pr18560","title":{"rendered":"Abridor Vinho El\u00e9trico &#8211; PR18560"},"content":{"rendered":"","protected":false},"excerpt":{"rendered":"<p>Saca rolhas el\u00e9trico com LED e cortador de lacre. Parte superior em alum\u00ednio e parte inferior acr\u00edlica, possui compartimento superior com tampa para 4 pilhas AA (n\u00e3o acompanha pilhas), painel com ilumina\u00e7\u00e3o LED e bot\u00f5es para extra\u00e7\u00e3o e remo\u00e7\u00e3o de rolhas. No modo extra\u00e7\u00e3o a \u00e1rea acr\u00edlica \u00e9 iluminada pelo LED. Acompanha cortador de lacre, medidas altura : 25,2 cm x largura : 4,8 cm x circunfer\u00eancia : 14,2 cm. OBS.: N\u00e3o afundar o produto na \u00e1gua ou qualquer outro tipo de l\u00edquido. Grava\u00e7\u00e3o a laser.<\/p>\n","protected":false},"featured_media":4966,"template":"","meta":[],"product_brand":[],"product_cat":[49],"product_tag":[],"class_list":{"0":"post-4962","1":"product","2":"type-product","3":"status-publish","4":"has-post-thumbnail","6":"product_cat-bar-queijo-vinhos","8":"first","9":"instock","10":"shipping-taxable","11":"product-type-simple"},"_links":{"self":[{"href":"https:\/\/promoalge.com.br\/index.php?rest_route=\/wp\/v2\/product\/4962","targetHints":{"allow":["GET"]}}],"collection":[{"href":"https:\/\/promoalge.com.br\/index.php?rest_route=\/wp\/v2\/product"}],"about":[{"href":"https:\/\/promoalge.com.br\/index.php?rest_route=\/wp\/v2\/types\/product"}],"wp:featuredmedia":[{"embeddable":true,"href":"https:\/\/promoalge.com.br\/index.php?rest_route=\/wp\/v2\/media\/4966"}],"wp:attachment":[{"href":"https:\/\/promoalge.com.br\/index.php?rest_route=%2Fwp%2Fv2%2Fmedia&parent=4962"}],"wp:term":[{"taxonomy":"product_brand","embeddable":true,"href":"https:\/\/promoalge.com.br\/index.php?rest_route=%2Fwp%2Fv2%2Fproduct_brand&post=4962"},{"taxonomy":"product_cat","embeddable":true,"href":"https:\/\/promoalge.com.br\/index.php?rest_route=%2Fwp%2Fv2%2Fproduct_cat&post=4962"},{"taxonomy":"product_tag","embeddable":true,"href":"https:\/\/promoalge.com.br\/index.php?rest_route=%2Fwp%2Fv2%2Fproduct_tag&post=4962"}],"curies":[{"name":"wp","href":"https:\/\/api.w.org\/{rel}","templated":true}]}}