{"id":4981,"date":"2020-03-23T17:37:32","date_gmt":"2020-03-23T20:37:32","guid":{"rendered":"http:\/\/promoalge.com.br\/?post_type=product&#038;p=4981"},"modified":"2020-03-23T17:37:32","modified_gmt":"2020-03-23T20:37:32","slug":"bolsa-porta-objetos-bike-pr92799","status":"publish","type":"product","link":"https:\/\/promoalge.com.br\/?product=bolsa-porta-objetos-bike-pr92799","title":{"rendered":"Bolsa Porta Objetos Bike &#8211; PR92799"},"content":{"rendered":"","protected":false},"excerpt":{"rendered":"<p>Bolsa porta objetos para bicicleta, produzida em poli\u00e9ster 600D, 3 fitas ajust\u00e1veis com velcro e regulador de plastico. Grava\u00e7\u00e3o serigrafia em 1 cor.<\/p>\n","protected":false},"featured_media":4982,"template":"","meta":[],"product_brand":[],"product_cat":[79,353],"product_tag":[],"class_list":{"0":"post-4981","1":"product","2":"type-product","3":"status-publish","4":"has-post-thumbnail","6":"product_cat-bolsas-mochilas","7":"product_cat-diversos","9":"first","10":"instock","11":"shipping-taxable","12":"product-type-simple"},"_links":{"self":[{"href":"https:\/\/promoalge.com.br\/index.php?rest_route=\/wp\/v2\/product\/4981","targetHints":{"allow":["GET"]}}],"collection":[{"href":"https:\/\/promoalge.com.br\/index.php?rest_route=\/wp\/v2\/product"}],"about":[{"href":"https:\/\/promoalge.com.br\/index.php?rest_route=\/wp\/v2\/types\/product"}],"wp:featuredmedia":[{"embeddable":true,"href":"https:\/\/promoalge.com.br\/index.php?rest_route=\/wp\/v2\/media\/4982"}],"wp:attachment":[{"href":"https:\/\/promoalge.com.br\/index.php?rest_route=%2Fwp%2Fv2%2Fmedia&parent=4981"}],"wp:term":[{"taxonomy":"product_brand","embeddable":true,"href":"https:\/\/promoalge.com.br\/index.php?rest_route=%2Fwp%2Fv2%2Fproduct_brand&post=4981"},{"taxonomy":"product_cat","embeddable":true,"href":"https:\/\/promoalge.com.br\/index.php?rest_route=%2Fwp%2Fv2%2Fproduct_cat&post=4981"},{"taxonomy":"product_tag","embeddable":true,"href":"https:\/\/promoalge.com.br\/index.php?rest_route=%2Fwp%2Fv2%2Fproduct_tag&post=4981"}],"curies":[{"name":"wp","href":"https:\/\/api.w.org\/{rel}","templated":true}]}}