{"id":5005,"date":"2020-03-24T20:15:18","date_gmt":"2020-03-24T23:15:18","guid":{"rendered":"http:\/\/promoalge.com.br\/?post_type=product&#038;p=5005"},"modified":"2020-03-25T22:03:34","modified_gmt":"2020-03-26T01:03:34","slug":"kit-churrasco-pr93844","status":"publish","type":"product","link":"https:\/\/promoalge.com.br\/?product=kit-churrasco-pr93844","title":{"rendered":"Kit Churrasco Maleta 6 Pe\u00e7as &#8211; PR93844"},"content":{"rendered":"","protected":false},"excerpt":{"rendered":"<p>Kit churrasco com estojo em bambu e facas em a\u00e7o inox. Kit possui 6 pe\u00e7as e estojo de bambu, medidas do estojo: 455 x 160 x 65 mm. Grava\u00e7\u00e3o a laser.<\/p>\n","protected":false},"featured_media":5006,"template":"","meta":[],"product_brand":[],"product_cat":[412],"product_tag":[],"class_list":{"0":"post-5005","1":"product","2":"type-product","3":"status-publish","4":"has-post-thumbnail","6":"product_cat-kits-churrasco","8":"first","9":"instock","10":"shipping-taxable","11":"product-type-simple"},"_links":{"self":[{"href":"https:\/\/promoalge.com.br\/index.php?rest_route=\/wp\/v2\/product\/5005","targetHints":{"allow":["GET"]}}],"collection":[{"href":"https:\/\/promoalge.com.br\/index.php?rest_route=\/wp\/v2\/product"}],"about":[{"href":"https:\/\/promoalge.com.br\/index.php?rest_route=\/wp\/v2\/types\/product"}],"wp:featuredmedia":[{"embeddable":true,"href":"https:\/\/promoalge.com.br\/index.php?rest_route=\/wp\/v2\/media\/5006"}],"wp:attachment":[{"href":"https:\/\/promoalge.com.br\/index.php?rest_route=%2Fwp%2Fv2%2Fmedia&parent=5005"}],"wp:term":[{"taxonomy":"product_brand","embeddable":true,"href":"https:\/\/promoalge.com.br\/index.php?rest_route=%2Fwp%2Fv2%2Fproduct_brand&post=5005"},{"taxonomy":"product_cat","embeddable":true,"href":"https:\/\/promoalge.com.br\/index.php?rest_route=%2Fwp%2Fv2%2Fproduct_cat&post=5005"},{"taxonomy":"product_tag","embeddable":true,"href":"https:\/\/promoalge.com.br\/index.php?rest_route=%2Fwp%2Fv2%2Fproduct_tag&post=5005"}],"curies":[{"name":"wp","href":"https:\/\/api.w.org\/{rel}","templated":true}]}}