{"id":5021,"date":"2020-03-24T21:18:36","date_gmt":"2020-03-25T00:18:36","guid":{"rendered":"http:\/\/promoalge.com.br\/?post_type=product&#038;p=5021"},"modified":"2020-03-24T21:18:36","modified_gmt":"2020-03-25T00:18:36","slug":"kit-churrasco-pr94140","status":"publish","type":"product","link":"https:\/\/promoalge.com.br\/?product=kit-churrasco-pr94140","title":{"rendered":"Kit Churrasco &#8211; PR94140"},"content":{"rendered":"","protected":false},"excerpt":{"rendered":"<p>Kit churrasco em A\u00e7o inox e bambu, possui 4 pe\u00e7as sendo: 2 facas, garfo e pagador, medidas da caixa: 365 x 200 x 55 mm. Grava\u00e7\u00e3o a laser nos itens.<\/p>\n","protected":false},"featured_media":5022,"template":"","meta":[],"product_brand":[],"product_cat":[412],"product_tag":[],"class_list":{"0":"post-5021","1":"product","2":"type-product","3":"status-publish","4":"has-post-thumbnail","6":"product_cat-kits-churrasco","8":"first","9":"instock","10":"shipping-taxable","11":"product-type-simple"},"_links":{"self":[{"href":"https:\/\/promoalge.com.br\/index.php?rest_route=\/wp\/v2\/product\/5021","targetHints":{"allow":["GET"]}}],"collection":[{"href":"https:\/\/promoalge.com.br\/index.php?rest_route=\/wp\/v2\/product"}],"about":[{"href":"https:\/\/promoalge.com.br\/index.php?rest_route=\/wp\/v2\/types\/product"}],"wp:featuredmedia":[{"embeddable":true,"href":"https:\/\/promoalge.com.br\/index.php?rest_route=\/wp\/v2\/media\/5022"}],"wp:attachment":[{"href":"https:\/\/promoalge.com.br\/index.php?rest_route=%2Fwp%2Fv2%2Fmedia&parent=5021"}],"wp:term":[{"taxonomy":"product_brand","embeddable":true,"href":"https:\/\/promoalge.com.br\/index.php?rest_route=%2Fwp%2Fv2%2Fproduct_brand&post=5021"},{"taxonomy":"product_cat","embeddable":true,"href":"https:\/\/promoalge.com.br\/index.php?rest_route=%2Fwp%2Fv2%2Fproduct_cat&post=5021"},{"taxonomy":"product_tag","embeddable":true,"href":"https:\/\/promoalge.com.br\/index.php?rest_route=%2Fwp%2Fv2%2Fproduct_tag&post=5021"}],"curies":[{"name":"wp","href":"https:\/\/api.w.org\/{rel}","templated":true}]}}