{"id":5036,"date":"2020-03-24T22:06:14","date_gmt":"2020-03-25T01:06:14","guid":{"rendered":"http:\/\/promoalge.com.br\/?post_type=product&#038;p=5036"},"modified":"2020-03-24T22:07:34","modified_gmt":"2020-03-25T01:07:34","slug":"kit-churrasco-pr94144","status":"publish","type":"product","link":"https:\/\/promoalge.com.br\/?product=kit-churrasco-pr94144","title":{"rendered":"Kit Churrasco &#8211; PR94144"},"content":{"rendered":"","protected":false},"excerpt":{"rendered":"<p>Kit churrasco produzido em a\u00e7o inox e PP, possui t\u00e1bua, 3 facas, chaira e garfo acomodados em estojo de nylon 210D. Medidas do estojo: 350 x 230 x 40 m, medidas T\u00e1bua: 283 x 192 x 5 mm. <\/p>\n<p>Personaliza\u00e7\u00e3o:<br \/>\nEstojo serigrafia em 1 cor.<br \/>\nLaser facas.<\/p>\n","protected":false},"featured_media":5041,"template":"","meta":[],"product_brand":[],"product_cat":[412],"product_tag":[],"class_list":{"0":"post-5036","1":"product","2":"type-product","3":"status-publish","4":"has-post-thumbnail","6":"product_cat-kits-churrasco","8":"first","9":"instock","10":"shipping-taxable","11":"product-type-simple"},"_links":{"self":[{"href":"https:\/\/promoalge.com.br\/index.php?rest_route=\/wp\/v2\/product\/5036","targetHints":{"allow":["GET"]}}],"collection":[{"href":"https:\/\/promoalge.com.br\/index.php?rest_route=\/wp\/v2\/product"}],"about":[{"href":"https:\/\/promoalge.com.br\/index.php?rest_route=\/wp\/v2\/types\/product"}],"wp:featuredmedia":[{"embeddable":true,"href":"https:\/\/promoalge.com.br\/index.php?rest_route=\/wp\/v2\/media\/5041"}],"wp:attachment":[{"href":"https:\/\/promoalge.com.br\/index.php?rest_route=%2Fwp%2Fv2%2Fmedia&parent=5036"}],"wp:term":[{"taxonomy":"product_brand","embeddable":true,"href":"https:\/\/promoalge.com.br\/index.php?rest_route=%2Fwp%2Fv2%2Fproduct_brand&post=5036"},{"taxonomy":"product_cat","embeddable":true,"href":"https:\/\/promoalge.com.br\/index.php?rest_route=%2Fwp%2Fv2%2Fproduct_cat&post=5036"},{"taxonomy":"product_tag","embeddable":true,"href":"https:\/\/promoalge.com.br\/index.php?rest_route=%2Fwp%2Fv2%2Fproduct_tag&post=5036"}],"curies":[{"name":"wp","href":"https:\/\/api.w.org\/{rel}","templated":true}]}}