{"id":5044,"date":"2020-03-25T17:44:23","date_gmt":"2020-03-25T20:44:23","guid":{"rendered":"http:\/\/promoalge.com.br\/?post_type=product&#038;p=5044"},"modified":"2025-08-12T16:55:11","modified_gmt":"2025-08-12T19:55:11","slug":"kit-churrasco-maleta-pr1869","status":"publish","type":"product","link":"https:\/\/promoalge.com.br\/?product=kit-churrasco-maleta-pr1869","title":{"rendered":"Kit Churrasco Maleta 4 Pe\u00e7as &#8211; PR1869"},"content":{"rendered":"","protected":false},"excerpt":{"rendered":"<p>Kit churrasco 4 pe\u00e7as em maleta de alum\u00ednio com relevo. Possui: esp\u00e1tula, pegador, garfo e faca em inox(todas pe\u00e7as possuem prote\u00e7\u00e3o pl\u00e1stica) detalhes em metal nas bordas da maleta, duas dobradi\u00e7as na parte inferior, uma al\u00e7a e duas presilhas para travar\/abrir maleta. Parte interna revestida de tecido tnt e velcro para guardar as pe\u00e7as, medidas: Maleta 13,1 cm x 38 cm x 6,9 cm \u2013 Esp\u00e1tula 34 cm x 7 cm \u2013 Pegador 34,3 cm x 6 cm \u2013 Garfo 33,7 cm x 3,3 cm \u2013 Faca 32,4 cm x 2,6 cm.<\/p>\n<p>Personaliza\u00e7\u00e3o atrav\u00e9s de grava\u00e7\u00e3o a laser na maleta e todas pe\u00e7as.<\/p>\n","protected":false},"featured_media":5046,"template":"","meta":[],"product_brand":[],"product_cat":[412],"product_tag":[],"class_list":{"0":"post-5044","1":"product","2":"type-product","3":"status-publish","4":"has-post-thumbnail","6":"product_cat-kits-churrasco","8":"first","9":"instock","10":"shipping-taxable","11":"product-type-simple"},"_links":{"self":[{"href":"https:\/\/promoalge.com.br\/index.php?rest_route=\/wp\/v2\/product\/5044","targetHints":{"allow":["GET"]}}],"collection":[{"href":"https:\/\/promoalge.com.br\/index.php?rest_route=\/wp\/v2\/product"}],"about":[{"href":"https:\/\/promoalge.com.br\/index.php?rest_route=\/wp\/v2\/types\/product"}],"wp:featuredmedia":[{"embeddable":true,"href":"https:\/\/promoalge.com.br\/index.php?rest_route=\/wp\/v2\/media\/5046"}],"wp:attachment":[{"href":"https:\/\/promoalge.com.br\/index.php?rest_route=%2Fwp%2Fv2%2Fmedia&parent=5044"}],"wp:term":[{"taxonomy":"product_brand","embeddable":true,"href":"https:\/\/promoalge.com.br\/index.php?rest_route=%2Fwp%2Fv2%2Fproduct_brand&post=5044"},{"taxonomy":"product_cat","embeddable":true,"href":"https:\/\/promoalge.com.br\/index.php?rest_route=%2Fwp%2Fv2%2Fproduct_cat&post=5044"},{"taxonomy":"product_tag","embeddable":true,"href":"https:\/\/promoalge.com.br\/index.php?rest_route=%2Fwp%2Fv2%2Fproduct_tag&post=5044"}],"curies":[{"name":"wp","href":"https:\/\/api.w.org\/{rel}","templated":true}]}}