{"id":5047,"date":"2020-03-25T17:52:58","date_gmt":"2020-03-25T20:52:58","guid":{"rendered":"http:\/\/promoalge.com.br\/?post_type=product&#038;p=5047"},"modified":"2025-08-12T16:55:08","modified_gmt":"2025-08-12T19:55:08","slug":"kit-churrasco-maleta-pr1889","status":"publish","type":"product","link":"https:\/\/promoalge.com.br\/?product=kit-churrasco-maleta-pr1889","title":{"rendered":"Kit Churrasco Maleta 3 Pe\u00e7as &#8211; PR1889"},"content":{"rendered":"","protected":false},"excerpt":{"rendered":"<p>Kit churrasco 3 pe\u00e7as em maleta de alum\u00ednio com relevo. Possui: faca, garfo e pegador em inox(todas pe\u00e7as possuem prote\u00e7\u00e3o pl\u00e1stica) detalhes em metal nas bordas da maleta, duas dobradi\u00e7as na parte inferior, uma al\u00e7a e duas presilhas para travar\/abrir maleta. Parte interna revestida de tecido tnt e velcro para guardar as pe\u00e7as, medidas: Maleta 11,9 cm x 37 cm x 7,8 cm \u2013 Faca 32,5 cm x 2,4 cm \u2013 Garfo 34,6 cm x 3,3 cm \u2013 Pegador 34,3 cm x 6 cm.<\/p>\n<p>Grava\u00e7\u00e3o a laser na maleta e talheres.<\/p>\n","protected":false},"featured_media":5050,"template":"","meta":[],"product_brand":[],"product_cat":[412],"product_tag":[],"class_list":{"0":"post-5047","1":"product","2":"type-product","3":"status-publish","4":"has-post-thumbnail","6":"product_cat-kits-churrasco","8":"first","9":"instock","10":"shipping-taxable","11":"product-type-simple"},"_links":{"self":[{"href":"https:\/\/promoalge.com.br\/index.php?rest_route=\/wp\/v2\/product\/5047","targetHints":{"allow":["GET"]}}],"collection":[{"href":"https:\/\/promoalge.com.br\/index.php?rest_route=\/wp\/v2\/product"}],"about":[{"href":"https:\/\/promoalge.com.br\/index.php?rest_route=\/wp\/v2\/types\/product"}],"wp:featuredmedia":[{"embeddable":true,"href":"https:\/\/promoalge.com.br\/index.php?rest_route=\/wp\/v2\/media\/5050"}],"wp:attachment":[{"href":"https:\/\/promoalge.com.br\/index.php?rest_route=%2Fwp%2Fv2%2Fmedia&parent=5047"}],"wp:term":[{"taxonomy":"product_brand","embeddable":true,"href":"https:\/\/promoalge.com.br\/index.php?rest_route=%2Fwp%2Fv2%2Fproduct_brand&post=5047"},{"taxonomy":"product_cat","embeddable":true,"href":"https:\/\/promoalge.com.br\/index.php?rest_route=%2Fwp%2Fv2%2Fproduct_cat&post=5047"},{"taxonomy":"product_tag","embeddable":true,"href":"https:\/\/promoalge.com.br\/index.php?rest_route=%2Fwp%2Fv2%2Fproduct_tag&post=5047"}],"curies":[{"name":"wp","href":"https:\/\/api.w.org\/{rel}","templated":true}]}}