{"id":5055,"date":"2020-03-25T18:32:48","date_gmt":"2020-03-25T21:32:48","guid":{"rendered":"http:\/\/promoalge.com.br\/?post_type=product&#038;p=5055"},"modified":"2020-03-25T22:00:18","modified_gmt":"2020-03-26T01:00:18","slug":"kit-churrasco-maleta-pr3092","status":"publish","type":"product","link":"https:\/\/promoalge.com.br\/?product=kit-churrasco-maleta-pr3092","title":{"rendered":"Kit Churrasco Maleta 6 Pe\u00e7as &#8211; PR3092"},"content":{"rendered":"","protected":false},"excerpt":{"rendered":"<p>Kit Facas 5 pe\u00e7as em maleta de alum\u00ednio texturizado com placa central para personaliza\u00e7\u00e3o. Possui cinco facas(com prote\u00e7\u00e3o pl\u00e1stica) inteiras inox em tamanhos diferentes, parte interna da maleta revestida com veludo e possui tamb\u00e9m el\u00e1sticos para fixar as pe\u00e7as. Parte externa da maleta possui uma al\u00e7a e bordas pl\u00e1sticas pretas, duas dobradi\u00e7as inferiores e parte superior com duas travas. Grava\u00e7\u00e3o a laser na maleta e talheres.<\/p>\n","protected":false},"featured_media":5056,"template":"","meta":[],"product_brand":[],"product_cat":[412],"product_tag":[],"class_list":{"0":"post-5055","1":"product","2":"type-product","3":"status-publish","4":"has-post-thumbnail","6":"product_cat-kits-churrasco","8":"first","9":"instock","10":"shipping-taxable","11":"product-type-simple"},"_links":{"self":[{"href":"https:\/\/promoalge.com.br\/index.php?rest_route=\/wp\/v2\/product\/5055","targetHints":{"allow":["GET"]}}],"collection":[{"href":"https:\/\/promoalge.com.br\/index.php?rest_route=\/wp\/v2\/product"}],"about":[{"href":"https:\/\/promoalge.com.br\/index.php?rest_route=\/wp\/v2\/types\/product"}],"wp:featuredmedia":[{"embeddable":true,"href":"https:\/\/promoalge.com.br\/index.php?rest_route=\/wp\/v2\/media\/5056"}],"wp:attachment":[{"href":"https:\/\/promoalge.com.br\/index.php?rest_route=%2Fwp%2Fv2%2Fmedia&parent=5055"}],"wp:term":[{"taxonomy":"product_brand","embeddable":true,"href":"https:\/\/promoalge.com.br\/index.php?rest_route=%2Fwp%2Fv2%2Fproduct_brand&post=5055"},{"taxonomy":"product_cat","embeddable":true,"href":"https:\/\/promoalge.com.br\/index.php?rest_route=%2Fwp%2Fv2%2Fproduct_cat&post=5055"},{"taxonomy":"product_tag","embeddable":true,"href":"https:\/\/promoalge.com.br\/index.php?rest_route=%2Fwp%2Fv2%2Fproduct_tag&post=5055"}],"curies":[{"name":"wp","href":"https:\/\/api.w.org\/{rel}","templated":true}]}}