{"id":5068,"date":"2020-03-25T19:47:28","date_gmt":"2020-03-25T22:47:28","guid":{"rendered":"http:\/\/promoalge.com.br\/?post_type=product&#038;p=5068"},"modified":"2020-03-25T19:48:58","modified_gmt":"2020-03-25T22:48:58","slug":"kit-churrasco-pr3184","status":"publish","type":"product","link":"https:\/\/promoalge.com.br\/?product=kit-churrasco-pr3184","title":{"rendered":"Kit Churrasco &#8211; PR3184"},"content":{"rendered":"","protected":false},"excerpt":{"rendered":"<p>Kit churrasco com 3 pe\u00e7as, cabo de madeira. Acompanha estojo de Nylon com al\u00e7a para transporte. Conte\u00fado:  1 Faca, 1 Garfo,1 Pegador. Grava\u00e7\u00e3o a laser nos talheres e silk em 1 cor no estojo.<\/p>\n","protected":false},"featured_media":5070,"template":"","meta":[],"product_brand":[],"product_cat":[412],"product_tag":[],"class_list":{"0":"post-5068","1":"product","2":"type-product","3":"status-publish","4":"has-post-thumbnail","6":"product_cat-kits-churrasco","8":"first","9":"instock","10":"shipping-taxable","11":"product-type-simple"},"_links":{"self":[{"href":"https:\/\/promoalge.com.br\/index.php?rest_route=\/wp\/v2\/product\/5068","targetHints":{"allow":["GET"]}}],"collection":[{"href":"https:\/\/promoalge.com.br\/index.php?rest_route=\/wp\/v2\/product"}],"about":[{"href":"https:\/\/promoalge.com.br\/index.php?rest_route=\/wp\/v2\/types\/product"}],"wp:featuredmedia":[{"embeddable":true,"href":"https:\/\/promoalge.com.br\/index.php?rest_route=\/wp\/v2\/media\/5070"}],"wp:attachment":[{"href":"https:\/\/promoalge.com.br\/index.php?rest_route=%2Fwp%2Fv2%2Fmedia&parent=5068"}],"wp:term":[{"taxonomy":"product_brand","embeddable":true,"href":"https:\/\/promoalge.com.br\/index.php?rest_route=%2Fwp%2Fv2%2Fproduct_brand&post=5068"},{"taxonomy":"product_cat","embeddable":true,"href":"https:\/\/promoalge.com.br\/index.php?rest_route=%2Fwp%2Fv2%2Fproduct_cat&post=5068"},{"taxonomy":"product_tag","embeddable":true,"href":"https:\/\/promoalge.com.br\/index.php?rest_route=%2Fwp%2Fv2%2Fproduct_tag&post=5068"}],"curies":[{"name":"wp","href":"https:\/\/api.w.org\/{rel}","templated":true}]}}