{"id":5074,"date":"2020-03-25T20:14:09","date_gmt":"2020-03-25T23:14:09","guid":{"rendered":"http:\/\/promoalge.com.br\/?post_type=product&#038;p=5074"},"modified":"2020-03-25T20:14:10","modified_gmt":"2020-03-25T23:14:10","slug":"kit-churrasco-pr1868","status":"publish","type":"product","link":"https:\/\/promoalge.com.br\/?product=kit-churrasco-pr1868","title":{"rendered":"Kit Churrasco &#8211; PR1868"},"content":{"rendered":"","protected":false},"excerpt":{"rendered":"<p>Kit churrasco 8 pe\u00e7as em estojo de nylon. Cont\u00e9m esp\u00e1tula, garfo, faca, pegador, dois saleiros, luva e avental (tamb\u00e9m utilizado como estojo). Talheres de inox com acabamento de madeira e avental de nylon com al\u00e7a ajust\u00e1vel \u2013 possui bot\u00e3o e al\u00e7a com fivela para lacre.<br \/>\nMedidas dos itens:  (CxL):  Esp\u00e1tula 39,6 cm x 9,4 cm \u2013 Garfo 38,1 cm x 3,4 cm &#8211; Faca 40,3 cm x 2,4 cm &#8211; Pegador 36,9 cm x 5,5 cm \u2013 Saleiro 5,5 cm x 3,5 cm \u2013 Luva 26 cm x 17,5 cm<\/p>\n<p>Personaliza\u00e7\u00e3o:<br \/>\nSerigrafia Avental;<br \/>\nLaser nos talheres.<\/p>\n","protected":false},"featured_media":5079,"template":"","meta":[],"product_brand":[],"product_cat":[412],"product_tag":[],"class_list":{"0":"post-5074","1":"product","2":"type-product","3":"status-publish","4":"has-post-thumbnail","6":"product_cat-kits-churrasco","8":"first","9":"instock","10":"shipping-taxable","11":"product-type-simple"},"_links":{"self":[{"href":"https:\/\/promoalge.com.br\/index.php?rest_route=\/wp\/v2\/product\/5074","targetHints":{"allow":["GET"]}}],"collection":[{"href":"https:\/\/promoalge.com.br\/index.php?rest_route=\/wp\/v2\/product"}],"about":[{"href":"https:\/\/promoalge.com.br\/index.php?rest_route=\/wp\/v2\/types\/product"}],"wp:featuredmedia":[{"embeddable":true,"href":"https:\/\/promoalge.com.br\/index.php?rest_route=\/wp\/v2\/media\/5079"}],"wp:attachment":[{"href":"https:\/\/promoalge.com.br\/index.php?rest_route=%2Fwp%2Fv2%2Fmedia&parent=5074"}],"wp:term":[{"taxonomy":"product_brand","embeddable":true,"href":"https:\/\/promoalge.com.br\/index.php?rest_route=%2Fwp%2Fv2%2Fproduct_brand&post=5074"},{"taxonomy":"product_cat","embeddable":true,"href":"https:\/\/promoalge.com.br\/index.php?rest_route=%2Fwp%2Fv2%2Fproduct_cat&post=5074"},{"taxonomy":"product_tag","embeddable":true,"href":"https:\/\/promoalge.com.br\/index.php?rest_route=%2Fwp%2Fv2%2Fproduct_tag&post=5074"}],"curies":[{"name":"wp","href":"https:\/\/api.w.org\/{rel}","templated":true}]}}