{"id":5080,"date":"2020-03-25T20:38:46","date_gmt":"2020-03-25T23:38:46","guid":{"rendered":"http:\/\/promoalge.com.br\/?post_type=product&#038;p=5080"},"modified":"2020-03-25T22:00:00","modified_gmt":"2020-03-26T01:00:00","slug":"kit-churrasco-maleta-pr1412p","status":"publish","type":"product","link":"https:\/\/promoalge.com.br\/?product=kit-churrasco-maleta-pr1412p","title":{"rendered":"Kit Churrasco Maleta 17 Pe\u00e7as &#8211; PR1412P"},"content":{"rendered":"","protected":false},"excerpt":{"rendered":"<p>Kit churrasco 17 pe\u00e7as em maleta de alum\u00ednio com relevo e placa central para personaliza\u00e7\u00e3o. Possui: esp\u00e1tula(acompanha protetor pl\u00e1stico), pegador, pincel, garfo grande(acompanha protetor pl\u00e1stico), faca grande(acompanha protetor pl\u00e1stico), 6 facas pequenas e 6 garfos pequenos em inox. Detalhes em metal nas bordas da maleta, duas dobradi\u00e7as na parte inferior, uma al\u00e7a e duas presilhas para travar\/abrir maleta. Parte interna revestida de tecido tnt e velcro para guardar as pe\u00e7as. Grava\u00e7\u00e3o a laser em todas as pe\u00e7as e maleta.<\/p>\n","protected":false},"featured_media":5081,"template":"","meta":[],"product_brand":[],"product_cat":[412],"product_tag":[],"class_list":{"0":"post-5080","1":"product","2":"type-product","3":"status-publish","4":"has-post-thumbnail","6":"product_cat-kits-churrasco","8":"first","9":"instock","10":"shipping-taxable","11":"product-type-simple"},"_links":{"self":[{"href":"https:\/\/promoalge.com.br\/index.php?rest_route=\/wp\/v2\/product\/5080","targetHints":{"allow":["GET"]}}],"collection":[{"href":"https:\/\/promoalge.com.br\/index.php?rest_route=\/wp\/v2\/product"}],"about":[{"href":"https:\/\/promoalge.com.br\/index.php?rest_route=\/wp\/v2\/types\/product"}],"wp:featuredmedia":[{"embeddable":true,"href":"https:\/\/promoalge.com.br\/index.php?rest_route=\/wp\/v2\/media\/5081"}],"wp:attachment":[{"href":"https:\/\/promoalge.com.br\/index.php?rest_route=%2Fwp%2Fv2%2Fmedia&parent=5080"}],"wp:term":[{"taxonomy":"product_brand","embeddable":true,"href":"https:\/\/promoalge.com.br\/index.php?rest_route=%2Fwp%2Fv2%2Fproduct_brand&post=5080"},{"taxonomy":"product_cat","embeddable":true,"href":"https:\/\/promoalge.com.br\/index.php?rest_route=%2Fwp%2Fv2%2Fproduct_cat&post=5080"},{"taxonomy":"product_tag","embeddable":true,"href":"https:\/\/promoalge.com.br\/index.php?rest_route=%2Fwp%2Fv2%2Fproduct_tag&post=5080"}],"curies":[{"name":"wp","href":"https:\/\/api.w.org\/{rel}","templated":true}]}}