{"id":5085,"date":"2020-03-25T21:00:04","date_gmt":"2020-03-26T00:00:04","guid":{"rendered":"http:\/\/promoalge.com.br\/?post_type=product&#038;p=5085"},"modified":"2020-03-25T21:59:34","modified_gmt":"2020-03-26T00:59:34","slug":"kit-churrasco-pr3282","status":"publish","type":"product","link":"https:\/\/promoalge.com.br\/?product=kit-churrasco-pr3282","title":{"rendered":"Kit Churrasco Maleta 10 Pe\u00e7as &#8211; PR3282"},"content":{"rendered":"","protected":false},"excerpt":{"rendered":"<p>Kit churrasco 10 pe\u00e7as em maleta de alum\u00ednio com relevo. Possui: faca, pegador, escova(com prote\u00e7\u00e3o pl\u00e1stica), garfo, duas facas de serra pequenas, dois garfos pequenos e dois espetos. Detalhes em metal nas bordas da maleta, duas dobradi\u00e7as na parte inferior, uma al\u00e7a e duas presilhas para travar\/abrir maleta. Parte interna revestida de tecido tnt e velcro para guardar as pe\u00e7as.<\/p>\n<p>Medidas: Maleta 18,9 cm x 43 cm x 8 cm \u2013 Faca 39,1 cm x 3,5 cm \u2013 Pegador 38,9 cm x 5,7 cm \u2013 Escova 40,5 cm x 5,9 cm \u2013 Garfo 39,5 cm x 3 cm &#8211; Facas P 21,8 cm x 2,1 cm &#8211; Garfos P 20,6 cm x 2,4 cm &#8211; Espetos 41,9<\/p>\n<p>Grava\u00e7\u00e3o a laser na maleta e talheres.<\/p>\n","protected":false},"featured_media":5088,"template":"","meta":[],"product_brand":[],"product_cat":[412],"product_tag":[],"class_list":{"0":"post-5085","1":"product","2":"type-product","3":"status-publish","4":"has-post-thumbnail","6":"product_cat-kits-churrasco","8":"first","9":"instock","10":"shipping-taxable","11":"product-type-simple"},"_links":{"self":[{"href":"https:\/\/promoalge.com.br\/index.php?rest_route=\/wp\/v2\/product\/5085","targetHints":{"allow":["GET"]}}],"collection":[{"href":"https:\/\/promoalge.com.br\/index.php?rest_route=\/wp\/v2\/product"}],"about":[{"href":"https:\/\/promoalge.com.br\/index.php?rest_route=\/wp\/v2\/types\/product"}],"wp:featuredmedia":[{"embeddable":true,"href":"https:\/\/promoalge.com.br\/index.php?rest_route=\/wp\/v2\/media\/5088"}],"wp:attachment":[{"href":"https:\/\/promoalge.com.br\/index.php?rest_route=%2Fwp%2Fv2%2Fmedia&parent=5085"}],"wp:term":[{"taxonomy":"product_brand","embeddable":true,"href":"https:\/\/promoalge.com.br\/index.php?rest_route=%2Fwp%2Fv2%2Fproduct_brand&post=5085"},{"taxonomy":"product_cat","embeddable":true,"href":"https:\/\/promoalge.com.br\/index.php?rest_route=%2Fwp%2Fv2%2Fproduct_cat&post=5085"},{"taxonomy":"product_tag","embeddable":true,"href":"https:\/\/promoalge.com.br\/index.php?rest_route=%2Fwp%2Fv2%2Fproduct_tag&post=5085"}],"curies":[{"name":"wp","href":"https:\/\/api.w.org\/{rel}","templated":true}]}}