{"id":5090,"date":"2020-03-25T21:08:54","date_gmt":"2020-03-26T00:08:54","guid":{"rendered":"http:\/\/promoalge.com.br\/?post_type=product&#038;p=5090"},"modified":"2020-03-25T21:13:19","modified_gmt":"2020-03-26T00:13:19","slug":"kit-churrasco-maleta-pr3349","status":"publish","type":"product","link":"https:\/\/promoalge.com.br\/?product=kit-churrasco-maleta-pr3349","title":{"rendered":"Kit Churrasco Maleta 18 Pe\u00e7as &#8211; PR3349"},"content":{"rendered":"","protected":false},"excerpt":{"rendered":"<p>Kit churrasco 18 pe\u00e7as em maleta de alum\u00ednio com relevo e placa central para personaliza\u00e7\u00e3o. Possui: garfo, esp\u00e1tula, pegador, faca, escova, pincel, 4 espetos e pegadores de petisco. Detalhes em metal nas bordas da maleta, duas dobradi\u00e7as na parte inferior, uma al\u00e7a e duas presilhas para travar\/abrir maleta. Parte interna revestida de tecido tnt e velcro para guardar as pe\u00e7as.<\/p>\n<p>Medidas:  Maleta 18,5 cm x 43,5 cm x 6,2 cm\u2013 Garfo 39,6 cm x 2 cm \u2013 Esp\u00e1tula 41,4 cm x 9 cm \u2013 Pegador 39 cm x 6 cm &#8211; Faca 39,4 cm x 3 cm \u2013 Escova 31,1 cm x 6 cm \u2013 Pincel 26,3 cm x 4,2 cm \u2013 Espeto 41,1 cm x 0,5.<\/p>\n<p>Grava\u00e7\u00e3o a laser na maleta e talhares.<\/p>\n","protected":false},"featured_media":5091,"template":"","meta":[],"product_brand":[],"product_cat":[412],"product_tag":[],"class_list":{"0":"post-5090","1":"product","2":"type-product","3":"status-publish","4":"has-post-thumbnail","6":"product_cat-kits-churrasco","8":"first","9":"instock","10":"shipping-taxable","11":"product-type-simple"},"_links":{"self":[{"href":"https:\/\/promoalge.com.br\/index.php?rest_route=\/wp\/v2\/product\/5090","targetHints":{"allow":["GET"]}}],"collection":[{"href":"https:\/\/promoalge.com.br\/index.php?rest_route=\/wp\/v2\/product"}],"about":[{"href":"https:\/\/promoalge.com.br\/index.php?rest_route=\/wp\/v2\/types\/product"}],"wp:featuredmedia":[{"embeddable":true,"href":"https:\/\/promoalge.com.br\/index.php?rest_route=\/wp\/v2\/media\/5091"}],"wp:attachment":[{"href":"https:\/\/promoalge.com.br\/index.php?rest_route=%2Fwp%2Fv2%2Fmedia&parent=5090"}],"wp:term":[{"taxonomy":"product_brand","embeddable":true,"href":"https:\/\/promoalge.com.br\/index.php?rest_route=%2Fwp%2Fv2%2Fproduct_brand&post=5090"},{"taxonomy":"product_cat","embeddable":true,"href":"https:\/\/promoalge.com.br\/index.php?rest_route=%2Fwp%2Fv2%2Fproduct_cat&post=5090"},{"taxonomy":"product_tag","embeddable":true,"href":"https:\/\/promoalge.com.br\/index.php?rest_route=%2Fwp%2Fv2%2Fproduct_tag&post=5090"}],"curies":[{"name":"wp","href":"https:\/\/api.w.org\/{rel}","templated":true}]}}