{"id":5095,"date":"2020-03-25T21:17:07","date_gmt":"2020-03-26T00:17:07","guid":{"rendered":"http:\/\/promoalge.com.br\/?post_type=product&#038;p=5095"},"modified":"2020-03-25T21:58:47","modified_gmt":"2020-03-26T00:58:47","slug":"kit-churrasco-7-pecas-pr3348","status":"publish","type":"product","link":"https:\/\/promoalge.com.br\/?product=kit-churrasco-7-pecas-pr3348","title":{"rendered":"Kit Churrasco Maleta 7 Pe\u00e7as &#8211; PR3348"},"content":{"rendered":"","protected":false},"excerpt":{"rendered":"<p>Kit churrasco 7 pe\u00e7as em maleta de alum\u00ednio com relevo. Possui: pegador, esp\u00e1tula, duas chairas, faca, escova para limpeza(acompanha protetor pl\u00e1stico), faca e garfo em inox. Detalhes em metal nas bordas da maleta, duas dobradi\u00e7as na parte inferior, uma al\u00e7a e duas presilhas para travar\/abrir maleta. Parte interna revestida de tecido tnt e velcro para guardar as pe\u00e7as.<\/p>\n<p>Tamanho total aproximado  (CxL):  Maleta 37 cm x15,2 cm x 6,4 cm \u2013 Pegador 34,4 cm x 6 cm- Esp\u00e1tula 35,4 cm x 8,5 cm \u2013 Chaira 35,6 cm x 0,5 cm \u2013 Escova 33,7 cm x 6 cm &#8211; Faca 32,5 cm x 2,5 cm \u2013 Garfo 34,7 cm x 3,3 cm.<\/p>\n<p>Grava\u00e7\u00e3o a laser na maleta e talheres.<\/p>\n","protected":false},"featured_media":5096,"template":"","meta":[],"product_brand":[],"product_cat":[412],"product_tag":[],"class_list":{"0":"post-5095","1":"product","2":"type-product","3":"status-publish","4":"has-post-thumbnail","6":"product_cat-kits-churrasco","8":"first","9":"instock","10":"shipping-taxable","11":"product-type-simple"},"_links":{"self":[{"href":"https:\/\/promoalge.com.br\/index.php?rest_route=\/wp\/v2\/product\/5095","targetHints":{"allow":["GET"]}}],"collection":[{"href":"https:\/\/promoalge.com.br\/index.php?rest_route=\/wp\/v2\/product"}],"about":[{"href":"https:\/\/promoalge.com.br\/index.php?rest_route=\/wp\/v2\/types\/product"}],"wp:featuredmedia":[{"embeddable":true,"href":"https:\/\/promoalge.com.br\/index.php?rest_route=\/wp\/v2\/media\/5096"}],"wp:attachment":[{"href":"https:\/\/promoalge.com.br\/index.php?rest_route=%2Fwp%2Fv2%2Fmedia&parent=5095"}],"wp:term":[{"taxonomy":"product_brand","embeddable":true,"href":"https:\/\/promoalge.com.br\/index.php?rest_route=%2Fwp%2Fv2%2Fproduct_brand&post=5095"},{"taxonomy":"product_cat","embeddable":true,"href":"https:\/\/promoalge.com.br\/index.php?rest_route=%2Fwp%2Fv2%2Fproduct_cat&post=5095"},{"taxonomy":"product_tag","embeddable":true,"href":"https:\/\/promoalge.com.br\/index.php?rest_route=%2Fwp%2Fv2%2Fproduct_tag&post=5095"}],"curies":[{"name":"wp","href":"https:\/\/api.w.org\/{rel}","templated":true}]}}