{"id":5100,"date":"2020-03-25T21:31:52","date_gmt":"2020-03-26T00:31:52","guid":{"rendered":"http:\/\/promoalge.com.br\/?post_type=product&#038;p=5100"},"modified":"2020-03-25T21:31:52","modified_gmt":"2020-03-26T00:31:52","slug":"kit-churrasco-pr3385","status":"publish","type":"product","link":"https:\/\/promoalge.com.br\/?product=kit-churrasco-pr3385","title":{"rendered":"Kit Churrasco &#8211; PR3385"},"content":{"rendered":"","protected":false},"excerpt":{"rendered":"<p>Kit churrasco duas pe\u00e7as em estojo de papel. Possui garfo e faca, parte interna com el\u00e1sticos em nylon para fixa\u00e7\u00e3o das pe\u00e7as, medidas altura :  11 cm x Largura :  36 cm x Espessura :  3,3 cm. Grava\u00e7\u00e3o a laser na l\u00e2mina da faca.<\/p>\n","protected":false},"featured_media":5103,"template":"","meta":[],"product_brand":[],"product_cat":[412],"product_tag":[],"class_list":{"0":"post-5100","1":"product","2":"type-product","3":"status-publish","4":"has-post-thumbnail","6":"product_cat-kits-churrasco","8":"first","9":"instock","10":"shipping-taxable","11":"product-type-simple"},"_links":{"self":[{"href":"https:\/\/promoalge.com.br\/index.php?rest_route=\/wp\/v2\/product\/5100","targetHints":{"allow":["GET"]}}],"collection":[{"href":"https:\/\/promoalge.com.br\/index.php?rest_route=\/wp\/v2\/product"}],"about":[{"href":"https:\/\/promoalge.com.br\/index.php?rest_route=\/wp\/v2\/types\/product"}],"wp:featuredmedia":[{"embeddable":true,"href":"https:\/\/promoalge.com.br\/index.php?rest_route=\/wp\/v2\/media\/5103"}],"wp:attachment":[{"href":"https:\/\/promoalge.com.br\/index.php?rest_route=%2Fwp%2Fv2%2Fmedia&parent=5100"}],"wp:term":[{"taxonomy":"product_brand","embeddable":true,"href":"https:\/\/promoalge.com.br\/index.php?rest_route=%2Fwp%2Fv2%2Fproduct_brand&post=5100"},{"taxonomy":"product_cat","embeddable":true,"href":"https:\/\/promoalge.com.br\/index.php?rest_route=%2Fwp%2Fv2%2Fproduct_cat&post=5100"},{"taxonomy":"product_tag","embeddable":true,"href":"https:\/\/promoalge.com.br\/index.php?rest_route=%2Fwp%2Fv2%2Fproduct_tag&post=5100"}],"curies":[{"name":"wp","href":"https:\/\/api.w.org\/{rel}","templated":true}]}}