{"id":5104,"date":"2020-03-25T21:41:54","date_gmt":"2020-03-26T00:41:54","guid":{"rendered":"http:\/\/promoalge.com.br\/?post_type=product&#038;p=5104"},"modified":"2020-03-25T21:41:54","modified_gmt":"2020-03-26T00:41:54","slug":"kit-churrasco-pr3338","status":"publish","type":"product","link":"https:\/\/promoalge.com.br\/?product=kit-churrasco-pr3338","title":{"rendered":"Kit Churrasco &#8211; PR3338"},"content":{"rendered":"","protected":false},"excerpt":{"rendered":"<p>Kit churrasco 3 pe\u00e7as com: t\u00e1bua para corte, faca e garfo(pegador de madeira), medidas:  T\u00e1bua 32 cm x 18 x cm x 1,2 cm \u2013 Faca 3,7 cm x 28 cm \u2013 Garfo 2,3 cm x 28,7 cm. Grava\u00e7\u00e3o a laser na t\u00e1bua e l\u00e2mina da faca.<\/p>\n","protected":false},"featured_media":5105,"template":"","meta":[],"product_brand":[],"product_cat":[412],"product_tag":[],"class_list":{"0":"post-5104","1":"product","2":"type-product","3":"status-publish","4":"has-post-thumbnail","6":"product_cat-kits-churrasco","8":"first","9":"instock","10":"shipping-taxable","11":"product-type-simple"},"_links":{"self":[{"href":"https:\/\/promoalge.com.br\/index.php?rest_route=\/wp\/v2\/product\/5104","targetHints":{"allow":["GET"]}}],"collection":[{"href":"https:\/\/promoalge.com.br\/index.php?rest_route=\/wp\/v2\/product"}],"about":[{"href":"https:\/\/promoalge.com.br\/index.php?rest_route=\/wp\/v2\/types\/product"}],"wp:featuredmedia":[{"embeddable":true,"href":"https:\/\/promoalge.com.br\/index.php?rest_route=\/wp\/v2\/media\/5105"}],"wp:attachment":[{"href":"https:\/\/promoalge.com.br\/index.php?rest_route=%2Fwp%2Fv2%2Fmedia&parent=5104"}],"wp:term":[{"taxonomy":"product_brand","embeddable":true,"href":"https:\/\/promoalge.com.br\/index.php?rest_route=%2Fwp%2Fv2%2Fproduct_brand&post=5104"},{"taxonomy":"product_cat","embeddable":true,"href":"https:\/\/promoalge.com.br\/index.php?rest_route=%2Fwp%2Fv2%2Fproduct_cat&post=5104"},{"taxonomy":"product_tag","embeddable":true,"href":"https:\/\/promoalge.com.br\/index.php?rest_route=%2Fwp%2Fv2%2Fproduct_tag&post=5104"}],"curies":[{"name":"wp","href":"https:\/\/api.w.org\/{rel}","templated":true}]}}