{"id":5107,"date":"2020-03-25T21:54:51","date_gmt":"2020-03-26T00:54:51","guid":{"rendered":"http:\/\/promoalge.com.br\/?post_type=product&#038;p=5107"},"modified":"2025-08-12T16:55:05","modified_gmt":"2025-08-12T19:55:05","slug":"kit-churrasco-maleta-5-pecas-pr3023","status":"publish","type":"product","link":"https:\/\/promoalge.com.br\/?product=kit-churrasco-maleta-5-pecas-pr3023","title":{"rendered":"Kit Churrasco Maleta 5 Pe\u00e7as &#8211; PR3023"},"content":{"rendered":"","protected":false},"excerpt":{"rendered":"<p>Kit churrasco 5 pe\u00e7as em maleta de alum\u00ednio com relevo. Possui: esp\u00e1tula, pegador, faca, garfo e escova para limpeza(acompanha protetor pl\u00e1stico) em inox detalhes em metal nas bordas da maleta, duas dobradi\u00e7as na parte inferior, uma al\u00e7a e duas presilhas para travar\/abrir maleta. Parte interna revestida de tecido tnt e velcro para guardar as pe\u00e7as.<\/p>\n<p>Medidas:  Maleta 47 cm x 6,6 cm \u2013 Esp\u00e1tula 41,3 cm x 8,1 cm \u2013 Pegador 42,7 cm x 5,7 cm \u2013 Faca 41,6 cm x 3,4 cm \u2013 Garfo 42,5 cm x 3,2 cm \u2013 Escova 43,1 cm x 6 cm<\/p>\n<p>Grava\u00e7\u00e3o a laser na maleta e talheres.<\/p>\n","protected":false},"featured_media":5108,"template":"","meta":[],"product_brand":[],"product_cat":[412],"product_tag":[],"class_list":{"0":"post-5107","1":"product","2":"type-product","3":"status-publish","4":"has-post-thumbnail","6":"product_cat-kits-churrasco","8":"first","9":"instock","10":"shipping-taxable","11":"product-type-simple"},"_links":{"self":[{"href":"https:\/\/promoalge.com.br\/index.php?rest_route=\/wp\/v2\/product\/5107","targetHints":{"allow":["GET"]}}],"collection":[{"href":"https:\/\/promoalge.com.br\/index.php?rest_route=\/wp\/v2\/product"}],"about":[{"href":"https:\/\/promoalge.com.br\/index.php?rest_route=\/wp\/v2\/types\/product"}],"wp:featuredmedia":[{"embeddable":true,"href":"https:\/\/promoalge.com.br\/index.php?rest_route=\/wp\/v2\/media\/5108"}],"wp:attachment":[{"href":"https:\/\/promoalge.com.br\/index.php?rest_route=%2Fwp%2Fv2%2Fmedia&parent=5107"}],"wp:term":[{"taxonomy":"product_brand","embeddable":true,"href":"https:\/\/promoalge.com.br\/index.php?rest_route=%2Fwp%2Fv2%2Fproduct_brand&post=5107"},{"taxonomy":"product_cat","embeddable":true,"href":"https:\/\/promoalge.com.br\/index.php?rest_route=%2Fwp%2Fv2%2Fproduct_cat&post=5107"},{"taxonomy":"product_tag","embeddable":true,"href":"https:\/\/promoalge.com.br\/index.php?rest_route=%2Fwp%2Fv2%2Fproduct_tag&post=5107"}],"curies":[{"name":"wp","href":"https:\/\/api.w.org\/{rel}","templated":true}]}}