{"id":5137,"date":"2020-04-01T21:34:37","date_gmt":"2020-04-02T00:34:37","guid":{"rendered":"http:\/\/promoalge.com.br\/?post_type=product&#038;p=5137"},"modified":"2020-04-01T21:34:38","modified_gmt":"2020-04-02T00:34:38","slug":"necessaire-pr92731","status":"publish","type":"product","link":"https:\/\/promoalge.com.br\/?product=necessaire-pr92731","title":{"rendered":"Necessaire &#8211; PR92731"},"content":{"rendered":"","protected":false},"excerpt":{"rendered":"<p>N\u00e9cessaire produzida em poli\u00e9ster 300D de alta densidade, possui pega almofadada, interior forrado e bolso interior com z\u00edper, medidas 200 x 115 x 140 mm. Grava\u00e7\u00e3o serigrafia em 1 cor.<\/p>\n","protected":false},"featured_media":5138,"template":"","meta":[],"product_brand":[],"product_cat":[416],"product_tag":[],"class_list":{"0":"post-5137","1":"product","2":"type-product","3":"status-publish","4":"has-post-thumbnail","6":"product_cat-necessaire","8":"first","9":"instock","10":"shipping-taxable","11":"product-type-simple"},"_links":{"self":[{"href":"https:\/\/promoalge.com.br\/index.php?rest_route=\/wp\/v2\/product\/5137","targetHints":{"allow":["GET"]}}],"collection":[{"href":"https:\/\/promoalge.com.br\/index.php?rest_route=\/wp\/v2\/product"}],"about":[{"href":"https:\/\/promoalge.com.br\/index.php?rest_route=\/wp\/v2\/types\/product"}],"wp:featuredmedia":[{"embeddable":true,"href":"https:\/\/promoalge.com.br\/index.php?rest_route=\/wp\/v2\/media\/5138"}],"wp:attachment":[{"href":"https:\/\/promoalge.com.br\/index.php?rest_route=%2Fwp%2Fv2%2Fmedia&parent=5137"}],"wp:term":[{"taxonomy":"product_brand","embeddable":true,"href":"https:\/\/promoalge.com.br\/index.php?rest_route=%2Fwp%2Fv2%2Fproduct_brand&post=5137"},{"taxonomy":"product_cat","embeddable":true,"href":"https:\/\/promoalge.com.br\/index.php?rest_route=%2Fwp%2Fv2%2Fproduct_cat&post=5137"},{"taxonomy":"product_tag","embeddable":true,"href":"https:\/\/promoalge.com.br\/index.php?rest_route=%2Fwp%2Fv2%2Fproduct_tag&post=5137"}],"curies":[{"name":"wp","href":"https:\/\/api.w.org\/{rel}","templated":true}]}}