{"id":5143,"date":"2020-04-01T21:39:33","date_gmt":"2020-04-02T00:39:33","guid":{"rendered":"http:\/\/promoalge.com.br\/?post_type=product&#038;p=5143"},"modified":"2020-04-01T21:39:33","modified_gmt":"2020-04-02T00:39:33","slug":"necessaire-pr92732","status":"publish","type":"product","link":"https:\/\/promoalge.com.br\/?product=necessaire-pr92732","title":{"rendered":"Necessaire &#8211; PR92732"},"content":{"rendered":"","protected":false},"excerpt":{"rendered":"<p>Necessaire produzida em poli\u00e9ster 600D de alta densidade com pega e interior forrado, medidas 220 x 110 x 110 mm. Grava\u00e7\u00e3o serigrafia em 1 cor<\/p>\n","protected":false},"featured_media":5144,"template":"","meta":[],"product_brand":[],"product_cat":[416],"product_tag":[],"class_list":{"0":"post-5143","1":"product","2":"type-product","3":"status-publish","4":"has-post-thumbnail","6":"product_cat-necessaire","8":"first","9":"instock","10":"shipping-taxable","11":"product-type-simple"},"_links":{"self":[{"href":"https:\/\/promoalge.com.br\/index.php?rest_route=\/wp\/v2\/product\/5143","targetHints":{"allow":["GET"]}}],"collection":[{"href":"https:\/\/promoalge.com.br\/index.php?rest_route=\/wp\/v2\/product"}],"about":[{"href":"https:\/\/promoalge.com.br\/index.php?rest_route=\/wp\/v2\/types\/product"}],"wp:featuredmedia":[{"embeddable":true,"href":"https:\/\/promoalge.com.br\/index.php?rest_route=\/wp\/v2\/media\/5144"}],"wp:attachment":[{"href":"https:\/\/promoalge.com.br\/index.php?rest_route=%2Fwp%2Fv2%2Fmedia&parent=5143"}],"wp:term":[{"taxonomy":"product_brand","embeddable":true,"href":"https:\/\/promoalge.com.br\/index.php?rest_route=%2Fwp%2Fv2%2Fproduct_brand&post=5143"},{"taxonomy":"product_cat","embeddable":true,"href":"https:\/\/promoalge.com.br\/index.php?rest_route=%2Fwp%2Fv2%2Fproduct_cat&post=5143"},{"taxonomy":"product_tag","embeddable":true,"href":"https:\/\/promoalge.com.br\/index.php?rest_route=%2Fwp%2Fv2%2Fproduct_tag&post=5143"}],"curies":[{"name":"wp","href":"https:\/\/api.w.org\/{rel}","templated":true}]}}