{"id":5175,"date":"2020-04-07T14:36:18","date_gmt":"2020-04-07T17:36:18","guid":{"rendered":"http:\/\/promoalge.com.br\/?post_type=product&#038;p=5175"},"modified":"2021-08-19T16:24:12","modified_gmt":"2021-08-19T19:24:12","slug":"bateria-portatil-16-000-mah-pr97905","status":"publish","type":"product","link":"https:\/\/promoalge.com.br\/?product=bateria-portatil-16-000-mah-pr97905","title":{"rendered":"Bateria Port\u00e1til 16.000 mAh &#8211; PR57905"},"content":{"rendered":"","protected":false},"excerpt":{"rendered":"<p>Bateria port\u00e1til produzida em pl\u00e1stico ABS com LED, bateria de l\u00edtio e Capacidade: 16.000 mAh. Tempo de vida \u2265 1.000 ciclos. Possu entrada 5V\/2.1A, sa\u00edda 5V\/1-2.1A, indicador de carga, 2 portas USB e 1 porta micro USB. Com prote\u00e7\u00e3o para sobrecarga, curto circuito e sobreaquecimento. Incluso cabo USB\/micro USB para carregar a bateria, medidas 156 x 80 x 23 mm. Grava\u00e7\u00e3o serigrafia em 1 cor.<\/p>\n<ul>\n<li>M\u00ednimo 30 unidades<\/li>\n<\/ul>\n","protected":false},"featured_media":5176,"template":"","meta":[],"product_brand":[],"product_cat":[417],"product_tag":[],"class_list":{"0":"post-5175","1":"product","2":"type-product","3":"status-publish","4":"has-post-thumbnail","6":"product_cat-pendrive-tecnologia","8":"first","9":"instock","10":"shipping-taxable","11":"product-type-simple"},"_links":{"self":[{"href":"https:\/\/promoalge.com.br\/index.php?rest_route=\/wp\/v2\/product\/5175","targetHints":{"allow":["GET"]}}],"collection":[{"href":"https:\/\/promoalge.com.br\/index.php?rest_route=\/wp\/v2\/product"}],"about":[{"href":"https:\/\/promoalge.com.br\/index.php?rest_route=\/wp\/v2\/types\/product"}],"wp:featuredmedia":[{"embeddable":true,"href":"https:\/\/promoalge.com.br\/index.php?rest_route=\/wp\/v2\/media\/5176"}],"wp:attachment":[{"href":"https:\/\/promoalge.com.br\/index.php?rest_route=%2Fwp%2Fv2%2Fmedia&parent=5175"}],"wp:term":[{"taxonomy":"product_brand","embeddable":true,"href":"https:\/\/promoalge.com.br\/index.php?rest_route=%2Fwp%2Fv2%2Fproduct_brand&post=5175"},{"taxonomy":"product_cat","embeddable":true,"href":"https:\/\/promoalge.com.br\/index.php?rest_route=%2Fwp%2Fv2%2Fproduct_cat&post=5175"},{"taxonomy":"product_tag","embeddable":true,"href":"https:\/\/promoalge.com.br\/index.php?rest_route=%2Fwp%2Fv2%2Fproduct_tag&post=5175"}],"curies":[{"name":"wp","href":"https:\/\/api.w.org\/{rel}","templated":true}]}}