{"id":5261,"date":"2020-06-02T15:21:58","date_gmt":"2020-06-02T18:21:58","guid":{"rendered":"http:\/\/promoalge.com.br\/?post_type=product&#038;p=5261"},"modified":"2020-06-02T15:21:59","modified_gmt":"2020-06-02T18:21:59","slug":"porta-copos-magneticos-pcrz","status":"publish","type":"product","link":"https:\/\/promoalge.com.br\/?product=porta-copos-magneticos-pcrz","title":{"rendered":"Porta Copos Magn\u00e9ticos &#8211; PCRZ"},"content":{"rendered":"","protected":false},"excerpt":{"rendered":"<p>Kit contendo 4 Porta-copos magn\u00e9ticos, possui verso 100% Imantado,  Impresso em cart\u00e3o de alta qualidade,  Faca padr\u00e3o (conforme gabarito,  Acabamento final frente vinil texturizado. Impress\u00e3o em policromia na caixa e nos 4 porta copos.<\/p>\n","protected":false},"featured_media":5265,"template":"","meta":[],"product_brand":[],"product_cat":[49,353],"product_tag":[],"class_list":{"0":"post-5261","1":"product","2":"type-product","3":"status-publish","4":"has-post-thumbnail","6":"product_cat-bar-queijo-vinhos","7":"product_cat-diversos","9":"first","10":"instock","11":"shipping-taxable","12":"product-type-simple"},"_links":{"self":[{"href":"https:\/\/promoalge.com.br\/index.php?rest_route=\/wp\/v2\/product\/5261","targetHints":{"allow":["GET"]}}],"collection":[{"href":"https:\/\/promoalge.com.br\/index.php?rest_route=\/wp\/v2\/product"}],"about":[{"href":"https:\/\/promoalge.com.br\/index.php?rest_route=\/wp\/v2\/types\/product"}],"wp:featuredmedia":[{"embeddable":true,"href":"https:\/\/promoalge.com.br\/index.php?rest_route=\/wp\/v2\/media\/5265"}],"wp:attachment":[{"href":"https:\/\/promoalge.com.br\/index.php?rest_route=%2Fwp%2Fv2%2Fmedia&parent=5261"}],"wp:term":[{"taxonomy":"product_brand","embeddable":true,"href":"https:\/\/promoalge.com.br\/index.php?rest_route=%2Fwp%2Fv2%2Fproduct_brand&post=5261"},{"taxonomy":"product_cat","embeddable":true,"href":"https:\/\/promoalge.com.br\/index.php?rest_route=%2Fwp%2Fv2%2Fproduct_cat&post=5261"},{"taxonomy":"product_tag","embeddable":true,"href":"https:\/\/promoalge.com.br\/index.php?rest_route=%2Fwp%2Fv2%2Fproduct_tag&post=5261"}],"curies":[{"name":"wp","href":"https:\/\/api.w.org\/{rel}","templated":true}]}}