{"id":5270,"date":"2020-06-04T14:28:40","date_gmt":"2020-06-04T17:28:40","guid":{"rendered":"http:\/\/promoalge.com.br\/?post_type=product&#038;p=5270"},"modified":"2020-06-04T14:28:40","modified_gmt":"2020-06-04T17:28:40","slug":"porta-retrato-pr1878","status":"publish","type":"product","link":"https:\/\/promoalge.com.br\/?product=porta-retrato-pr1878","title":{"rendered":"Porta Retrato &#8211; PR1878"},"content":{"rendered":"","protected":false},"excerpt":{"rendered":"<p>Porta retrato em alum\u00ednio com vidro, medidas 15 x 10 cm. Grava\u00e7\u00e3o a laser.<\/p>\n","protected":false},"featured_media":5276,"template":"","meta":[],"product_brand":[],"product_cat":[353],"product_tag":[],"class_list":{"0":"post-5270","1":"product","2":"type-product","3":"status-publish","4":"has-post-thumbnail","6":"product_cat-diversos","8":"first","9":"instock","10":"shipping-taxable","11":"product-type-simple"},"_links":{"self":[{"href":"https:\/\/promoalge.com.br\/index.php?rest_route=\/wp\/v2\/product\/5270","targetHints":{"allow":["GET"]}}],"collection":[{"href":"https:\/\/promoalge.com.br\/index.php?rest_route=\/wp\/v2\/product"}],"about":[{"href":"https:\/\/promoalge.com.br\/index.php?rest_route=\/wp\/v2\/types\/product"}],"wp:featuredmedia":[{"embeddable":true,"href":"https:\/\/promoalge.com.br\/index.php?rest_route=\/wp\/v2\/media\/5276"}],"wp:attachment":[{"href":"https:\/\/promoalge.com.br\/index.php?rest_route=%2Fwp%2Fv2%2Fmedia&parent=5270"}],"wp:term":[{"taxonomy":"product_brand","embeddable":true,"href":"https:\/\/promoalge.com.br\/index.php?rest_route=%2Fwp%2Fv2%2Fproduct_brand&post=5270"},{"taxonomy":"product_cat","embeddable":true,"href":"https:\/\/promoalge.com.br\/index.php?rest_route=%2Fwp%2Fv2%2Fproduct_cat&post=5270"},{"taxonomy":"product_tag","embeddable":true,"href":"https:\/\/promoalge.com.br\/index.php?rest_route=%2Fwp%2Fv2%2Fproduct_tag&post=5270"}],"curies":[{"name":"wp","href":"https:\/\/api.w.org\/{rel}","templated":true}]}}