{"id":5308,"date":"2020-06-17T19:16:12","date_gmt":"2020-06-17T22:16:12","guid":{"rendered":"http:\/\/promoalge.com.br\/?post_type=product&#038;p=5308"},"modified":"2020-06-17T19:16:12","modified_gmt":"2020-06-17T22:16:12","slug":"necessaire-nec115","status":"publish","type":"product","link":"https:\/\/promoalge.com.br\/?product=necessaire-nec115","title":{"rendered":"Necessaire &#8211; NEC115"},"content":{"rendered":"","protected":false},"excerpt":{"rendered":"<p>Necessaire produzida em PVC Allkear 040 mm espessura, acabemento costurado com vivo, e fechamento com z\u00edper, medidas 20 x 10 x 8 cm. Grava\u00e7\u00e3o serigrafia em 1 cor ou baixo relevo.<\/p>\n","protected":false},"featured_media":5310,"template":"","meta":[],"product_brand":[],"product_cat":[416],"product_tag":[],"class_list":{"0":"post-5308","1":"product","2":"type-product","3":"status-publish","4":"has-post-thumbnail","6":"product_cat-necessaire","8":"first","9":"instock","10":"shipping-taxable","11":"product-type-simple"},"_links":{"self":[{"href":"https:\/\/promoalge.com.br\/index.php?rest_route=\/wp\/v2\/product\/5308","targetHints":{"allow":["GET"]}}],"collection":[{"href":"https:\/\/promoalge.com.br\/index.php?rest_route=\/wp\/v2\/product"}],"about":[{"href":"https:\/\/promoalge.com.br\/index.php?rest_route=\/wp\/v2\/types\/product"}],"wp:featuredmedia":[{"embeddable":true,"href":"https:\/\/promoalge.com.br\/index.php?rest_route=\/wp\/v2\/media\/5310"}],"wp:attachment":[{"href":"https:\/\/promoalge.com.br\/index.php?rest_route=%2Fwp%2Fv2%2Fmedia&parent=5308"}],"wp:term":[{"taxonomy":"product_brand","embeddable":true,"href":"https:\/\/promoalge.com.br\/index.php?rest_route=%2Fwp%2Fv2%2Fproduct_brand&post=5308"},{"taxonomy":"product_cat","embeddable":true,"href":"https:\/\/promoalge.com.br\/index.php?rest_route=%2Fwp%2Fv2%2Fproduct_cat&post=5308"},{"taxonomy":"product_tag","embeddable":true,"href":"https:\/\/promoalge.com.br\/index.php?rest_route=%2Fwp%2Fv2%2Fproduct_tag&post=5308"}],"curies":[{"name":"wp","href":"https:\/\/api.w.org\/{rel}","templated":true}]}}