{"id":5359,"date":"2020-06-19T16:50:29","date_gmt":"2020-06-19T19:50:29","guid":{"rendered":"http:\/\/promoalge.com.br\/?post_type=product&#038;p=5359"},"modified":"2020-06-19T16:50:29","modified_gmt":"2020-06-19T19:50:29","slug":"porta-cartao-de-vacinas-pvc-mpp3222","status":"publish","type":"product","link":"https:\/\/promoalge.com.br\/?product=porta-cartao-de-vacinas-pvc-mpp3222","title":{"rendered":"Porta Cart\u00e3o de Vacinas PVC &#8211; MPP3222"},"content":{"rendered":"","protected":false},"excerpt":{"rendered":"<p>Porta Cart\u00e3o de vacinas produzida em PVC cristal 020mm, medidas, 32 cm de largura x 22 cm de altura. Grava\u00e7\u00e3o serigrafia em 1 cor.<\/p>\n","protected":false},"featured_media":5361,"template":"","meta":[],"product_brand":[],"product_cat":[353,410],"product_tag":[],"class_list":{"0":"post-5359","1":"product","2":"type-product","3":"status-publish","4":"has-post-thumbnail","6":"product_cat-diversos","7":"product_cat-eventos-pastas-pvc","9":"first","10":"instock","11":"shipping-taxable","12":"product-type-simple"},"_links":{"self":[{"href":"https:\/\/promoalge.com.br\/index.php?rest_route=\/wp\/v2\/product\/5359","targetHints":{"allow":["GET"]}}],"collection":[{"href":"https:\/\/promoalge.com.br\/index.php?rest_route=\/wp\/v2\/product"}],"about":[{"href":"https:\/\/promoalge.com.br\/index.php?rest_route=\/wp\/v2\/types\/product"}],"wp:featuredmedia":[{"embeddable":true,"href":"https:\/\/promoalge.com.br\/index.php?rest_route=\/wp\/v2\/media\/5361"}],"wp:attachment":[{"href":"https:\/\/promoalge.com.br\/index.php?rest_route=%2Fwp%2Fv2%2Fmedia&parent=5359"}],"wp:term":[{"taxonomy":"product_brand","embeddable":true,"href":"https:\/\/promoalge.com.br\/index.php?rest_route=%2Fwp%2Fv2%2Fproduct_brand&post=5359"},{"taxonomy":"product_cat","embeddable":true,"href":"https:\/\/promoalge.com.br\/index.php?rest_route=%2Fwp%2Fv2%2Fproduct_cat&post=5359"},{"taxonomy":"product_tag","embeddable":true,"href":"https:\/\/promoalge.com.br\/index.php?rest_route=%2Fwp%2Fv2%2Fproduct_tag&post=5359"}],"curies":[{"name":"wp","href":"https:\/\/api.w.org\/{rel}","templated":true}]}}